{"id":1755,"date":"2025-01-22T07:24:50","date_gmt":"2025-01-22T07:24:50","guid":{"rendered":"https:\/\/ababa.tech\/?page_id=1755"},"modified":"2025-01-22T07:32:52","modified_gmt":"2025-01-22T07:32:52","slug":"es-projektai","status":"publish","type":"page","link":"https:\/\/ababa.tech\/en\/es-projektai\/","title":{"rendered":"ES Projektai"},"content":{"rendered":"<div data-elementor-type=\"wp-page\" data-elementor-id=\"1755\" class=\"elementor elementor-1755\" data-elementor-post-type=\"page\">\n\t\t\t\t<div class=\"elementor-element elementor-element-ffedc94 e-flex e-con-boxed e-con e-parent\" data-id=\"ffedc94\" data-element_type=\"container\" data-e-type=\"container\">\n\t\t\t\t\t<div class=\"e-con-inner\">\n\t\t\t\t<div class=\"elementor-element elementor-element-4ee1841 elementor-widget elementor-widget-image\" data-id=\"4ee1841\" data-element_type=\"widget\" data-e-type=\"widget\" data-widget_type=\"image.default\">\n\t\t\t\t<div class=\"elementor-widget-container\">\n\t\t\t\t\t\t\t\t\t\t\t\t\t\t\t<img fetchpriority=\"high\" decoding=\"async\" width=\"1471\" height=\"309\" src=\"https:\/\/ababa.tech\/wp-content\/uploads\/2025\/01\/asd.jpg\" class=\"attachment-full size-full wp-image-1757\" alt=\"\" srcset=\"https:\/\/ababa.tech\/wp-content\/uploads\/2025\/01\/asd.jpg 1471w, https:\/\/ababa.tech\/wp-content\/uploads\/2025\/01\/asd-300x63.jpg 300w, https:\/\/ababa.tech\/wp-content\/uploads\/2025\/01\/asd-1024x215.jpg 1024w, https:\/\/ababa.tech\/wp-content\/uploads\/2025\/01\/asd-768x161.jpg 768w, https:\/\/ababa.tech\/wp-content\/uploads\/2025\/01\/asd-18x4.jpg 18w\" sizes=\"(max-width: 1471px) 100vw, 1471px\" \/>\t\t\t\t\t\t\t\t\t\t\t\t\t\t\t<\/div>\n\t\t\t\t<\/div>\n\t\t\t\t<div class=\"elementor-element elementor-element-f53d72e elementor-widget elementor-widget-text-editor\" data-id=\"f53d72e\" data-element_type=\"widget\" data-e-type=\"widget\" data-widget_type=\"text-editor.default\">\n\t\t\t\t<div class=\"elementor-widget-container\">\n\t\t\t\t\t\t\t\t\t<p style=\"text-align: center;\"><strong>UAB \"Ababa\", increasing the company's integration into international value chains<\/strong><\/p><p>UAB \"Ababa\" is currently implementing a project co-funded by the European Union \"Implementation of process\/organisational innovation in UAB \"Ababa\", increasing the company's integration into international value chains\" Nr. 02-040-K-0133 (hereinafter - the Project).<\/p><p>The objective of the Project is to introduce process\/organisational innovation in the company, thereby increasing the company's integration into international value chains. Ababa UAB, which is currently growing rapidly, is focusing on expansion, new product development and attracting new customers, and has therefore decided to participate in this Call for Proposals in order to further expand and introduce innovation in its internal processes. The company will implement the activities planned in the project by introducing new business functions and reducing redundant activities, optimising existing value chains, etc.<\/p><p>The project is financed in accordance with the conditions and procedures set out in the description of the activity \"Promote the development of non-technological innovation (Central and Western Lithuania region)\" and in the Rules for the Administration and Financing of Projects according to programme of the development \"Establish a coherent framework for promoting innovation\" of the Ministry of Economy and Innovation of the Republic of Lithuania for the period 2022-2030.<\/p><p>The total value of the project is EUR 233 169,88.<\/p><p>The project will be financed by the EU Funds Investment Programme for the period 2021-2027 - EUR 81 469,56.<\/p><p>The project promoter's own funds - EUR 151 700,32.<\/p><p>The project shall be implemented from 8 November 2024 to 8 November 2026.<\/p><p><a href=\"https:\/\/ababa.tech\/en\/\">https:\/\/ababa.tech<\/a><\/p><p>\u00a0<\/p>\t\t\t\t\t\t\t\t<\/div>\n\t\t\t\t<\/div>\n\t\t\t\t\t<\/div>\n\t\t\t\t<\/div>\n\t\t\t\t<\/div>","protected":false},"excerpt":{"rendered":"<p>UAB \u201eAbaba\u201cproceso\/organizacin\u0117s inovacijos diegimas, didinantis \u012fmon\u0117s integracij\u0105 \u012f tarptautin\u0117s vert\u0117s grandines UAB \u201eAbaba\u201c \u0161iuo metu \u012fgyvendina bendrai su Europos S\u0105junga finansuojam\u0105 projekt\u0105 \u201eUAB \u201eAbaba\u201c proceso\/organizacin\u0117s inovacijos diegimas, didinantis \u012fmon\u0117s integracij\u0105 \u012f tarptautin\u0117s vert\u0117s grandines\u201c Nr. 02-040-K-0133 (toliau \u2013 Projektas). Projekto tikslas \u2013 \u012fmon\u0117je \u012fdiegti proceso\/organizacines inovacijas, taip didinant \u012fmon\u0117s \u012fsitraukim\u0105 \u012f tarptautin\u0117s vert\u0117s grandines. \u0160iuo [&hellip;]<\/p>\n","protected":false},"author":1,"featured_media":0,"parent":0,"menu_order":0,"comment_status":"closed","ping_status":"closed","template":"","meta":{"_acf_changed":false,"footnotes":""},"class_list":["post-1755","page","type-page","status-publish","hentry"],"acf":[],"yoast_head":"<!-- This site is optimized with the Yoast SEO plugin v27.4 - https:\/\/yoast.com\/product\/yoast-seo-wordpress\/ -->\n<title>ES Projektai - ababa.tech<\/title>\n<meta name=\"robots\" content=\"index, follow, max-snippet:-1, max-image-preview:large, max-video-preview:-1\" \/>\n<link rel=\"canonical\" href=\"https:\/\/ababa.tech\/en\/es-projektai\/\" \/>\n<meta property=\"og:locale\" content=\"en_GB\" \/>\n<meta property=\"og:type\" content=\"article\" \/>\n<meta property=\"og:title\" content=\"ES Projektai - ababa.tech\" \/>\n<meta property=\"og:description\" content=\"UAB \u201eAbaba\u201cproceso\/organizacin\u0117s inovacijos diegimas, didinantis \u012fmon\u0117s integracij\u0105 \u012f tarptautin\u0117s vert\u0117s grandines UAB \u201eAbaba\u201c \u0161iuo metu \u012fgyvendina bendrai su Europos S\u0105junga finansuojam\u0105 projekt\u0105 \u201eUAB \u201eAbaba\u201c proceso\/organizacin\u0117s inovacijos diegimas, didinantis \u012fmon\u0117s integracij\u0105 \u012f tarptautin\u0117s vert\u0117s grandines\u201c Nr. 02-040-K-0133 (toliau \u2013 Projektas). Projekto tikslas \u2013 \u012fmon\u0117je \u012fdiegti proceso\/organizacines inovacijas, taip didinant \u012fmon\u0117s \u012fsitraukim\u0105 \u012f tarptautin\u0117s vert\u0117s grandines. \u0160iuo [&hellip;]\" \/>\n<meta property=\"og:url\" content=\"https:\/\/ababa.tech\/en\/es-projektai\/\" \/>\n<meta property=\"og:site_name\" content=\"ababa.tech\" \/>\n<meta property=\"article:publisher\" content=\"https:\/\/www.facebook.com\/ababa.tech\" \/>\n<meta property=\"article:modified_time\" content=\"2025-01-22T07:32:52+00:00\" \/>\n<meta property=\"og:image\" content=\"https:\/\/ababa.tech\/wp-content\/uploads\/2025\/01\/asd.jpg\" \/>\n\t<meta property=\"og:image:width\" content=\"1471\" \/>\n\t<meta property=\"og:image:height\" content=\"309\" \/>\n\t<meta property=\"og:image:type\" content=\"image\/jpeg\" \/>\n<meta name=\"twitter:card\" content=\"summary_large_image\" \/>\n<meta name=\"twitter:label1\" content=\"Estimated reading time\" \/>\n\t<meta name=\"twitter:data1\" content=\"2 minutes\" \/>\n<script type=\"application\/ld+json\" class=\"yoast-schema-graph\">{\"@context\":\"https:\\\/\\\/schema.org\",\"@graph\":[{\"@type\":\"WebPage\",\"@id\":\"https:\\\/\\\/ababa.tech\\\/es-projektai\\\/\",\"url\":\"https:\\\/\\\/ababa.tech\\\/es-projektai\\\/\",\"name\":\"ES Projektai - ababa.tech\",\"isPartOf\":{\"@id\":\"https:\\\/\\\/ababa.tech\\\/#website\"},\"primaryImageOfPage\":{\"@id\":\"https:\\\/\\\/ababa.tech\\\/es-projektai\\\/#primaryimage\"},\"image\":{\"@id\":\"https:\\\/\\\/ababa.tech\\\/es-projektai\\\/#primaryimage\"},\"thumbnailUrl\":\"https:\\\/\\\/ababa.tech\\\/wp-content\\\/uploads\\\/2025\\\/01\\\/asd.jpg\",\"datePublished\":\"2025-01-22T07:24:50+00:00\",\"dateModified\":\"2025-01-22T07:32:52+00:00\",\"breadcrumb\":{\"@id\":\"https:\\\/\\\/ababa.tech\\\/es-projektai\\\/#breadcrumb\"},\"inLanguage\":\"en-GB\",\"potentialAction\":[{\"@type\":\"ReadAction\",\"target\":[\"https:\\\/\\\/ababa.tech\\\/es-projektai\\\/\"]}]},{\"@type\":\"ImageObject\",\"inLanguage\":\"en-GB\",\"@id\":\"https:\\\/\\\/ababa.tech\\\/es-projektai\\\/#primaryimage\",\"url\":\"https:\\\/\\\/ababa.tech\\\/wp-content\\\/uploads\\\/2025\\\/01\\\/asd.jpg\",\"contentUrl\":\"https:\\\/\\\/ababa.tech\\\/wp-content\\\/uploads\\\/2025\\\/01\\\/asd.jpg\"},{\"@type\":\"BreadcrumbList\",\"@id\":\"https:\\\/\\\/ababa.tech\\\/es-projektai\\\/#breadcrumb\",\"itemListElement\":[{\"@type\":\"ListItem\",\"position\":1,\"name\":\"Pradinis\",\"item\":\"https:\\\/\\\/ababa.tech\\\/\"},{\"@type\":\"ListItem\",\"position\":2,\"name\":\"ES Projektai\"}]},{\"@type\":\"WebSite\",\"@id\":\"https:\\\/\\\/ababa.tech\\\/#website\",\"url\":\"https:\\\/\\\/ababa.tech\\\/\",\"name\":\"ababa.tech\",\"description\":\"Greitojo kodo kompanija\",\"publisher\":{\"@id\":\"https:\\\/\\\/ababa.tech\\\/#organization\"},\"potentialAction\":[{\"@type\":\"SearchAction\",\"target\":{\"@type\":\"EntryPoint\",\"urlTemplate\":\"https:\\\/\\\/ababa.tech\\\/?s={search_term_string}\"},\"query-input\":{\"@type\":\"PropertyValueSpecification\",\"valueRequired\":true,\"valueName\":\"search_term_string\"}}],\"inLanguage\":\"en-GB\"},{\"@type\":\"Organization\",\"@id\":\"https:\\\/\\\/ababa.tech\\\/#organization\",\"name\":\"ababa.tech\",\"url\":\"https:\\\/\\\/ababa.tech\\\/\",\"logo\":{\"@type\":\"ImageObject\",\"inLanguage\":\"en-GB\",\"@id\":\"https:\\\/\\\/ababa.tech\\\/#\\\/schema\\\/logo\\\/image\\\/\",\"url\":\"https:\\\/\\\/ababa.tech\\\/wp-content\\\/uploads\\\/2022\\\/09\\\/ABABATECH-sviesiam-fonui.png\",\"contentUrl\":\"https:\\\/\\\/ababa.tech\\\/wp-content\\\/uploads\\\/2022\\\/09\\\/ABABATECH-sviesiam-fonui.png\",\"width\":666,\"height\":128,\"caption\":\"ababa.tech\"},\"image\":{\"@id\":\"https:\\\/\\\/ababa.tech\\\/#\\\/schema\\\/logo\\\/image\\\/\"},\"sameAs\":[\"https:\\\/\\\/www.facebook.com\\\/ababa.tech\"]}]}<\/script>\n<!-- \/ Yoast SEO plugin. -->","yoast_head_json":{"title":"ES Projektai - ababa.tech","robots":{"index":"index","follow":"follow","max-snippet":"max-snippet:-1","max-image-preview":"max-image-preview:large","max-video-preview":"max-video-preview:-1"},"canonical":"https:\/\/ababa.tech\/en\/es-projektai\/","og_locale":"en_GB","og_type":"article","og_title":"ES Projektai - ababa.tech","og_description":"UAB \u201eAbaba\u201cproceso\/organizacin\u0117s inovacijos diegimas, didinantis \u012fmon\u0117s integracij\u0105 \u012f tarptautin\u0117s vert\u0117s grandines UAB \u201eAbaba\u201c \u0161iuo metu \u012fgyvendina bendrai su Europos S\u0105junga finansuojam\u0105 projekt\u0105 \u201eUAB \u201eAbaba\u201c proceso\/organizacin\u0117s inovacijos diegimas, didinantis \u012fmon\u0117s integracij\u0105 \u012f tarptautin\u0117s vert\u0117s grandines\u201c Nr. 02-040-K-0133 (toliau \u2013 Projektas). Projekto tikslas \u2013 \u012fmon\u0117je \u012fdiegti proceso\/organizacines inovacijas, taip didinant \u012fmon\u0117s \u012fsitraukim\u0105 \u012f tarptautin\u0117s vert\u0117s grandines. \u0160iuo [&hellip;]","og_url":"https:\/\/ababa.tech\/en\/es-projektai\/","og_site_name":"ababa.tech","article_publisher":"https:\/\/www.facebook.com\/ababa.tech","article_modified_time":"2025-01-22T07:32:52+00:00","og_image":[{"width":1471,"height":309,"url":"https:\/\/ababa.tech\/wp-content\/uploads\/2025\/01\/asd.jpg","type":"image\/jpeg"}],"twitter_card":"summary_large_image","twitter_misc":{"Estimated reading time":"2 minutes"},"schema":{"@context":"https:\/\/schema.org","@graph":[{"@type":"WebPage","@id":"https:\/\/ababa.tech\/es-projektai\/","url":"https:\/\/ababa.tech\/es-projektai\/","name":"ES Projektai - ababa.tech","isPartOf":{"@id":"https:\/\/ababa.tech\/#website"},"primaryImageOfPage":{"@id":"https:\/\/ababa.tech\/es-projektai\/#primaryimage"},"image":{"@id":"https:\/\/ababa.tech\/es-projektai\/#primaryimage"},"thumbnailUrl":"https:\/\/ababa.tech\/wp-content\/uploads\/2025\/01\/asd.jpg","datePublished":"2025-01-22T07:24:50+00:00","dateModified":"2025-01-22T07:32:52+00:00","breadcrumb":{"@id":"https:\/\/ababa.tech\/es-projektai\/#breadcrumb"},"inLanguage":"en-GB","potentialAction":[{"@type":"ReadAction","target":["https:\/\/ababa.tech\/es-projektai\/"]}]},{"@type":"ImageObject","inLanguage":"en-GB","@id":"https:\/\/ababa.tech\/es-projektai\/#primaryimage","url":"https:\/\/ababa.tech\/wp-content\/uploads\/2025\/01\/asd.jpg","contentUrl":"https:\/\/ababa.tech\/wp-content\/uploads\/2025\/01\/asd.jpg"},{"@type":"BreadcrumbList","@id":"https:\/\/ababa.tech\/es-projektai\/#breadcrumb","itemListElement":[{"@type":"ListItem","position":1,"name":"Pradinis","item":"https:\/\/ababa.tech\/"},{"@type":"ListItem","position":2,"name":"ES Projektai"}]},{"@type":"WebSite","@id":"https:\/\/ababa.tech\/#website","url":"https:\/\/ababa.tech\/","name":"ababa.tech","description":"Greitojo kodo kompanija","publisher":{"@id":"https:\/\/ababa.tech\/#organization"},"potentialAction":[{"@type":"SearchAction","target":{"@type":"EntryPoint","urlTemplate":"https:\/\/ababa.tech\/?s={search_term_string}"},"query-input":{"@type":"PropertyValueSpecification","valueRequired":true,"valueName":"search_term_string"}}],"inLanguage":"en-GB"},{"@type":"Organization","@id":"https:\/\/ababa.tech\/#organization","name":"ababa.tech","url":"https:\/\/ababa.tech\/","logo":{"@type":"ImageObject","inLanguage":"en-GB","@id":"https:\/\/ababa.tech\/#\/schema\/logo\/image\/","url":"https:\/\/ababa.tech\/wp-content\/uploads\/2022\/09\/ABABATECH-sviesiam-fonui.png","contentUrl":"https:\/\/ababa.tech\/wp-content\/uploads\/2022\/09\/ABABATECH-sviesiam-fonui.png","width":666,"height":128,"caption":"ababa.tech"},"image":{"@id":"https:\/\/ababa.tech\/#\/schema\/logo\/image\/"},"sameAs":["https:\/\/www.facebook.com\/ababa.tech"]}]}},"_links":{"self":[{"href":"https:\/\/ababa.tech\/en\/wp-json\/wp\/v2\/pages\/1755","targetHints":{"allow":["GET"]}}],"collection":[{"href":"https:\/\/ababa.tech\/en\/wp-json\/wp\/v2\/pages"}],"about":[{"href":"https:\/\/ababa.tech\/en\/wp-json\/wp\/v2\/types\/page"}],"author":[{"embeddable":true,"href":"https:\/\/ababa.tech\/en\/wp-json\/wp\/v2\/users\/1"}],"replies":[{"embeddable":true,"href":"https:\/\/ababa.tech\/en\/wp-json\/wp\/v2\/comments?post=1755"}],"version-history":[{"count":7,"href":"https:\/\/ababa.tech\/en\/wp-json\/wp\/v2\/pages\/1755\/revisions"}],"predecessor-version":[{"id":1764,"href":"https:\/\/ababa.tech\/en\/wp-json\/wp\/v2\/pages\/1755\/revisions\/1764"}],"wp:attachment":[{"href":"https:\/\/ababa.tech\/en\/wp-json\/wp\/v2\/media?parent=1755"}],"curies":[{"name":"wp","href":"https:\/\/api.w.org\/{rel}","templated":true}]}}