{"id":175,"date":"2022-10-06T09:24:32","date_gmt":"2022-10-06T09:24:32","guid":{"rendered":"https:\/\/ababa.tech\/topic\/?page_id=175"},"modified":"2025-02-18T11:13:13","modified_gmt":"2025-02-18T11:13:13","slug":"laisvos-darbo-vietos","status":"publish","type":"page","link":"https:\/\/ababa.tech\/en\/apie-mus\/karjera\/laisvos-darbo-vietos\/","title":{"rendered":"Laisvos darbo vietos"},"content":{"rendered":"<div data-elementor-type=\"wp-page\" data-elementor-id=\"175\" class=\"elementor elementor-175\" data-elementor-post-type=\"page\">\n\t\t\t\t<div class=\"elementor-element elementor-element-5fcc298 e-flex e-con-boxed e-con e-parent\" data-id=\"5fcc298\" data-element_type=\"container\" data-e-type=\"container\">\n\t\t\t\t\t<div class=\"e-con-inner\">\n\t\t\t\t<div class=\"elementor-element elementor-element-79a5d74 elementor-widget elementor-widget-text-editor\" data-id=\"79a5d74\" data-element_type=\"widget\" data-e-type=\"widget\" data-widget_type=\"text-editor.default\">\n\t\t\t\t<div class=\"elementor-widget-container\">\n\t\t\t\t\t\t\t\t\t<p data-start=\"0\" data-end=\"56\"><strong data-start=\"0\" data-end=\"54\">IT PROJEKT\u0172 VADOVAS (-\u0116) | CRM\/ERP SISTEM\u0172 K\u016aRIMAS<\/strong><\/p>\n<p data-start=\"0\" data-end=\"56\"><span style=\"color: var( --e-global-color-text ); font-family: var( --e-global-typography-text-font-family ), Sans-serif; font-weight: var( --e-global-typography-text-font-weight ); text-align: var(--text-align); font-size: 1rem;\">Esame specializuota programin\u0117s \u012frangos k\u016brimo \u012fmon\u0117, kurianti <\/span><strong style=\"color: var( --e-global-color-text ); font-family: var( --e-global-typography-text-font-family ), Sans-serif; text-align: var(--text-align); font-size: 1rem;\" data-start=\"63\" data-end=\"86\">CRM ir ERP sistemas<\/strong><span style=\"color: var( --e-global-color-text ); font-family: var( --e-global-typography-text-font-family ), Sans-serif; font-weight: var( --e-global-typography-text-font-weight ); text-align: var(--text-align); font-size: 1rem;\"> verslo proces\u0173 valdymui. M\u016bs\u0173 sprendimai padeda \u012fmon\u0117ms efektyviau organizuoti darb\u0105, automatizuoti u\u017eduotis ir geriau valdyti duomenis. Orientuojam\u0117s \u012f <\/span><strong style=\"color: var( --e-global-color-text ); font-family: var( --e-global-typography-text-font-family ), Sans-serif; text-align: var(--text-align); font-size: 1rem;\" data-start=\"240\" data-end=\"255\">admin puses<\/strong><span style=\"color: var( --e-global-color-text ); font-family: var( --e-global-typography-text-font-family ), Sans-serif; font-weight: var( --e-global-typography-text-font-weight ); text-align: var(--text-align); font-size: 1rem;\"> \u2013 kuriame patogias, funkcionalias sistemas, pritaikytas konkretiems verslo poreikiams.<\/span><\/p>\n<p data-start=\"346\" data-end=\"621\">Dirbame su \u012fmon\u0117mis, kurioms standartiniai sprendimai netinka \u2013 si\u016blome <strong data-start=\"418\" data-end=\"456\">lankst\u0173, modulin\u012f CRM\/ERP pagrind\u0105<\/strong>, kur\u012f galima pritaikyti \u012fvairiems sektoriams. Klientams suteikiame galimyb\u0119 naudoti paruo\u0161tus modulius arba kurti individualius sprendimus pagal j\u0173 verslo logik\u0105.<\/p>\n<p data-start=\"623\" data-end=\"887\" data-is-last-node=\"\">M\u016bs\u0173 stipryb\u0117 \u2013 ai\u0161kus procesas ir skaidri komunikacija. Siekiame, kad kiekvienas projektas b\u016bt\u0173 \u012fgyvendintas laiku, pagal ai\u0161kiai apibr\u0117\u017etus reikalavimus. Dirbame tarptautin\u0117je rinkoje, tod\u0117l vertiname paprastum\u0105, efektyvum\u0105 ir kokybi\u0161kai \u012fgyvendintus sprendimus.<\/p>\n<h3 data-start=\"376\" data-end=\"400\"><strong data-start=\"380\" data-end=\"398\">Pagrindin\u0117s u\u017eduotys:<\/strong><\/h3>\n<ul data-start=\"401\" data-end=\"833\">\n<li data-start=\"401\" data-end=\"491\">Bendrauti su esamais ir naujais klientais \u2013 ai\u0161kintis j\u0173 poreikius, si\u016blyti sprendimus.<\/li>\n<li data-start=\"492\" data-end=\"592\">Koordinuoti darbus su dizaineriu (prototipo k\u016brimas) ir programuotojais (techninis \u012fvertinimas).<\/li>\n<li data-start=\"593\" data-end=\"650\">Rengti ai\u0161kias ir suprantamas <strong data-start=\"625\" data-end=\"647\">technines u\u017eduotis<\/strong>.<\/li>\n<li data-start=\"651\" data-end=\"715\">Organizuoti reguliarius <strong data-start=\"677\" data-end=\"702\">projekto atnaujinimus<\/strong> klientams.<\/li>\n<li data-start=\"716\" data-end=\"833\">Spr\u0119sti i\u0161kilusius blokus, bendradarbiaujant su tre\u010diosiomis \u0161alimis (pvz., API rakt\u0173 ar dokumentacijos gavimas).<\/li>\n<\/ul>\n<h3 data-start=\"835\" data-end=\"869\"><strong data-start=\"839\" data-end=\"867\">Kod\u0117l verta prisijungti?<\/strong><\/h3>\n<ul data-start=\"870\" data-end=\"1242\">\n<li data-start=\"870\" data-end=\"950\"><strong data-start=\"872\" data-end=\"903\">Minimalus susitikim\u0173 kiekis<\/strong> \u2013 tik vienas <strong data-start=\"917\" data-end=\"934\">daily standup<\/strong> (10:00 val.).<\/li>\n<li data-start=\"951\" data-end=\"1036\"><strong data-start=\"953\" data-end=\"981\">Pilnai nuotolinis darbas<\/strong> \u2013 gyvai susitinkame kas <strong data-start=\"1006\" data-end=\"1020\">3 m\u0117nesius<\/strong> (jei norime).<\/li>\n<li data-start=\"1037\" data-end=\"1146\"><strong data-start=\"1039\" data-end=\"1066\">Lankstus darbo grafikas<\/strong> \u2013 u\u017etenka dalyvauti tik&nbsp;<span data-start=\"1091\" data-end=\"1107\"><b>daily meet&#8217;e.<br><\/b><\/span>&nbsp;<\/li><\/ul>\n<p data-start=\"1244\" data-end=\"1324\"><strong data-start=\"1244\" data-end=\"1260\">Atlyginimas:<\/strong> 1200\u20131800 \u20ac \u012f rankas (priklausomai nuo patirties ir \u012fg\u016bd\u017ei\u0173) + <a href=\"https:\/\/ababa.tech\/en\/apie-mus\/karjera\/\">90Eur \/ m\u0117n bonusas<\/a><\/p>\n<p data-start=\"1326\" data-end=\"1417\" data-is-last-node=\"\">Jei m\u0117gsti tvark\u0105, ai\u0161ki\u0105 komunikacij\u0105 ir nori b\u016bti svarbia komandos dalimi \u2013 para\u0161yk mums.<\/p>\t\t\t\t\t\t\t\t<\/div>\n\t\t\t\t<\/div>\n\t\t\t\t\t<\/div>\n\t\t\t\t<\/div>\n\t\t\t\t<\/div>","protected":false},"excerpt":{"rendered":"<p>IT PROJEKT\u0172 VADOVAS (-\u0116) | CRM\/ERP SISTEM\u0172 K\u016aRIMAS Esame specializuota programin\u0117s \u012frangos k\u016brimo \u012fmon\u0117, kurianti CRM ir ERP sistemas verslo proces\u0173 valdymui. M\u016bs\u0173 sprendimai padeda \u012fmon\u0117ms efektyviau organizuoti darb\u0105, automatizuoti u\u017eduotis ir geriau valdyti duomenis. Orientuojam\u0117s \u012f admin puses \u2013 kuriame patogias, funkcionalias sistemas, pritaikytas konkretiems verslo poreikiams. Dirbame su \u012fmon\u0117mis, kurioms standartiniai sprendimai netinka [&hellip;]<\/p>\n","protected":false},"author":1,"featured_media":0,"parent":156,"menu_order":0,"comment_status":"closed","ping_status":"closed","template":"","meta":{"_acf_changed":false,"footnotes":""},"class_list":["post-175","page","type-page","status-publish","hentry"],"acf":[],"yoast_head":"<!-- This site is optimized with the Yoast SEO plugin v27.4 - https:\/\/yoast.com\/product\/yoast-seo-wordpress\/ -->\n<title>Laisvos darbo vietos - ababa.tech<\/title>\n<meta name=\"robots\" content=\"index, follow, max-snippet:-1, max-image-preview:large, max-video-preview:-1\" \/>\n<link rel=\"canonical\" href=\"https:\/\/ababa.tech\/en\/apie-mus\/karjera\/laisvos-darbo-vietos\/\" \/>\n<meta property=\"og:locale\" content=\"en_GB\" \/>\n<meta property=\"og:type\" content=\"article\" \/>\n<meta property=\"og:title\" content=\"Laisvos darbo vietos - ababa.tech\" \/>\n<meta property=\"og:description\" content=\"IT PROJEKT\u0172 VADOVAS (-\u0116) | CRM\/ERP SISTEM\u0172 K\u016aRIMAS Esame specializuota programin\u0117s \u012frangos k\u016brimo \u012fmon\u0117, kurianti CRM ir ERP sistemas verslo proces\u0173 valdymui. M\u016bs\u0173 sprendimai padeda \u012fmon\u0117ms efektyviau organizuoti darb\u0105, automatizuoti u\u017eduotis ir geriau valdyti duomenis. Orientuojam\u0117s \u012f admin puses \u2013 kuriame patogias, funkcionalias sistemas, pritaikytas konkretiems verslo poreikiams. Dirbame su \u012fmon\u0117mis, kurioms standartiniai sprendimai netinka [&hellip;]\" \/>\n<meta property=\"og:url\" content=\"https:\/\/ababa.tech\/en\/apie-mus\/karjera\/laisvos-darbo-vietos\/\" \/>\n<meta property=\"og:site_name\" content=\"ababa.tech\" \/>\n<meta property=\"article:publisher\" content=\"https:\/\/www.facebook.com\/ababa.tech\" \/>\n<meta property=\"article:modified_time\" content=\"2025-02-18T11:13:13+00:00\" \/>\n<meta name=\"twitter:card\" content=\"summary_large_image\" \/>\n<meta name=\"twitter:label1\" content=\"Estimated reading time\" \/>\n\t<meta name=\"twitter:data1\" content=\"1 minute\" \/>\n<script type=\"application\/ld+json\" class=\"yoast-schema-graph\">{\"@context\":\"https:\\\/\\\/schema.org\",\"@graph\":[{\"@type\":\"WebPage\",\"@id\":\"https:\\\/\\\/ababa.tech\\\/apie-mus\\\/karjera\\\/laisvos-darbo-vietos\\\/\",\"url\":\"https:\\\/\\\/ababa.tech\\\/apie-mus\\\/karjera\\\/laisvos-darbo-vietos\\\/\",\"name\":\"Laisvos darbo vietos - ababa.tech\",\"isPartOf\":{\"@id\":\"https:\\\/\\\/ababa.tech\\\/#website\"},\"datePublished\":\"2022-10-06T09:24:32+00:00\",\"dateModified\":\"2025-02-18T11:13:13+00:00\",\"breadcrumb\":{\"@id\":\"https:\\\/\\\/ababa.tech\\\/apie-mus\\\/karjera\\\/laisvos-darbo-vietos\\\/#breadcrumb\"},\"inLanguage\":\"en-GB\",\"potentialAction\":[{\"@type\":\"ReadAction\",\"target\":[\"https:\\\/\\\/ababa.tech\\\/apie-mus\\\/karjera\\\/laisvos-darbo-vietos\\\/\"]}]},{\"@type\":\"BreadcrumbList\",\"@id\":\"https:\\\/\\\/ababa.tech\\\/apie-mus\\\/karjera\\\/laisvos-darbo-vietos\\\/#breadcrumb\",\"itemListElement\":[{\"@type\":\"ListItem\",\"position\":1,\"name\":\"Pradinis\",\"item\":\"https:\\\/\\\/ababa.tech\\\/\"},{\"@type\":\"ListItem\",\"position\":2,\"name\":\"Apie mus\",\"item\":\"https:\\\/\\\/ababa.tech\\\/apie-mus\\\/\"},{\"@type\":\"ListItem\",\"position\":3,\"name\":\"Karjera\",\"item\":\"https:\\\/\\\/ababa.tech\\\/apie-mus\\\/karjera\\\/\"},{\"@type\":\"ListItem\",\"position\":4,\"name\":\"Laisvos darbo vietos\"}]},{\"@type\":\"WebSite\",\"@id\":\"https:\\\/\\\/ababa.tech\\\/#website\",\"url\":\"https:\\\/\\\/ababa.tech\\\/\",\"name\":\"ababa.tech\",\"description\":\"Greitojo kodo kompanija\",\"publisher\":{\"@id\":\"https:\\\/\\\/ababa.tech\\\/#organization\"},\"potentialAction\":[{\"@type\":\"SearchAction\",\"target\":{\"@type\":\"EntryPoint\",\"urlTemplate\":\"https:\\\/\\\/ababa.tech\\\/?s={search_term_string}\"},\"query-input\":{\"@type\":\"PropertyValueSpecification\",\"valueRequired\":true,\"valueName\":\"search_term_string\"}}],\"inLanguage\":\"en-GB\"},{\"@type\":\"Organization\",\"@id\":\"https:\\\/\\\/ababa.tech\\\/#organization\",\"name\":\"ababa.tech\",\"url\":\"https:\\\/\\\/ababa.tech\\\/\",\"logo\":{\"@type\":\"ImageObject\",\"inLanguage\":\"en-GB\",\"@id\":\"https:\\\/\\\/ababa.tech\\\/#\\\/schema\\\/logo\\\/image\\\/\",\"url\":\"https:\\\/\\\/ababa.tech\\\/wp-content\\\/uploads\\\/2022\\\/09\\\/ABABATECH-sviesiam-fonui.png\",\"contentUrl\":\"https:\\\/\\\/ababa.tech\\\/wp-content\\\/uploads\\\/2022\\\/09\\\/ABABATECH-sviesiam-fonui.png\",\"width\":666,\"height\":128,\"caption\":\"ababa.tech\"},\"image\":{\"@id\":\"https:\\\/\\\/ababa.tech\\\/#\\\/schema\\\/logo\\\/image\\\/\"},\"sameAs\":[\"https:\\\/\\\/www.facebook.com\\\/ababa.tech\"]}]}<\/script>\n<!-- \/ Yoast SEO plugin. -->","yoast_head_json":{"title":"Laisvos darbo vietos - ababa.tech","robots":{"index":"index","follow":"follow","max-snippet":"max-snippet:-1","max-image-preview":"max-image-preview:large","max-video-preview":"max-video-preview:-1"},"canonical":"https:\/\/ababa.tech\/en\/apie-mus\/karjera\/laisvos-darbo-vietos\/","og_locale":"en_GB","og_type":"article","og_title":"Laisvos darbo vietos - ababa.tech","og_description":"IT PROJEKT\u0172 VADOVAS (-\u0116) | CRM\/ERP SISTEM\u0172 K\u016aRIMAS Esame specializuota programin\u0117s \u012frangos k\u016brimo \u012fmon\u0117, kurianti CRM ir ERP sistemas verslo proces\u0173 valdymui. M\u016bs\u0173 sprendimai padeda \u012fmon\u0117ms efektyviau organizuoti darb\u0105, automatizuoti u\u017eduotis ir geriau valdyti duomenis. Orientuojam\u0117s \u012f admin puses \u2013 kuriame patogias, funkcionalias sistemas, pritaikytas konkretiems verslo poreikiams. Dirbame su \u012fmon\u0117mis, kurioms standartiniai sprendimai netinka [&hellip;]","og_url":"https:\/\/ababa.tech\/en\/apie-mus\/karjera\/laisvos-darbo-vietos\/","og_site_name":"ababa.tech","article_publisher":"https:\/\/www.facebook.com\/ababa.tech","article_modified_time":"2025-02-18T11:13:13+00:00","twitter_card":"summary_large_image","twitter_misc":{"Estimated reading time":"1 minute"},"schema":{"@context":"https:\/\/schema.org","@graph":[{"@type":"WebPage","@id":"https:\/\/ababa.tech\/apie-mus\/karjera\/laisvos-darbo-vietos\/","url":"https:\/\/ababa.tech\/apie-mus\/karjera\/laisvos-darbo-vietos\/","name":"Laisvos darbo vietos - ababa.tech","isPartOf":{"@id":"https:\/\/ababa.tech\/#website"},"datePublished":"2022-10-06T09:24:32+00:00","dateModified":"2025-02-18T11:13:13+00:00","breadcrumb":{"@id":"https:\/\/ababa.tech\/apie-mus\/karjera\/laisvos-darbo-vietos\/#breadcrumb"},"inLanguage":"en-GB","potentialAction":[{"@type":"ReadAction","target":["https:\/\/ababa.tech\/apie-mus\/karjera\/laisvos-darbo-vietos\/"]}]},{"@type":"BreadcrumbList","@id":"https:\/\/ababa.tech\/apie-mus\/karjera\/laisvos-darbo-vietos\/#breadcrumb","itemListElement":[{"@type":"ListItem","position":1,"name":"Pradinis","item":"https:\/\/ababa.tech\/"},{"@type":"ListItem","position":2,"name":"Apie mus","item":"https:\/\/ababa.tech\/apie-mus\/"},{"@type":"ListItem","position":3,"name":"Karjera","item":"https:\/\/ababa.tech\/apie-mus\/karjera\/"},{"@type":"ListItem","position":4,"name":"Laisvos darbo vietos"}]},{"@type":"WebSite","@id":"https:\/\/ababa.tech\/#website","url":"https:\/\/ababa.tech\/","name":"ababa.tech","description":"Greitojo kodo kompanija","publisher":{"@id":"https:\/\/ababa.tech\/#organization"},"potentialAction":[{"@type":"SearchAction","target":{"@type":"EntryPoint","urlTemplate":"https:\/\/ababa.tech\/?s={search_term_string}"},"query-input":{"@type":"PropertyValueSpecification","valueRequired":true,"valueName":"search_term_string"}}],"inLanguage":"en-GB"},{"@type":"Organization","@id":"https:\/\/ababa.tech\/#organization","name":"ababa.tech","url":"https:\/\/ababa.tech\/","logo":{"@type":"ImageObject","inLanguage":"en-GB","@id":"https:\/\/ababa.tech\/#\/schema\/logo\/image\/","url":"https:\/\/ababa.tech\/wp-content\/uploads\/2022\/09\/ABABATECH-sviesiam-fonui.png","contentUrl":"https:\/\/ababa.tech\/wp-content\/uploads\/2022\/09\/ABABATECH-sviesiam-fonui.png","width":666,"height":128,"caption":"ababa.tech"},"image":{"@id":"https:\/\/ababa.tech\/#\/schema\/logo\/image\/"},"sameAs":["https:\/\/www.facebook.com\/ababa.tech"]}]}},"_links":{"self":[{"href":"https:\/\/ababa.tech\/en\/wp-json\/wp\/v2\/pages\/175","targetHints":{"allow":["GET"]}}],"collection":[{"href":"https:\/\/ababa.tech\/en\/wp-json\/wp\/v2\/pages"}],"about":[{"href":"https:\/\/ababa.tech\/en\/wp-json\/wp\/v2\/types\/page"}],"author":[{"embeddable":true,"href":"https:\/\/ababa.tech\/en\/wp-json\/wp\/v2\/users\/1"}],"replies":[{"embeddable":true,"href":"https:\/\/ababa.tech\/en\/wp-json\/wp\/v2\/comments?post=175"}],"version-history":[{"count":13,"href":"https:\/\/ababa.tech\/en\/wp-json\/wp\/v2\/pages\/175\/revisions"}],"predecessor-version":[{"id":1783,"href":"https:\/\/ababa.tech\/en\/wp-json\/wp\/v2\/pages\/175\/revisions\/1783"}],"up":[{"embeddable":true,"href":"https:\/\/ababa.tech\/en\/wp-json\/wp\/v2\/pages\/156"}],"wp:attachment":[{"href":"https:\/\/ababa.tech\/en\/wp-json\/wp\/v2\/media?parent=175"}],"curies":[{"name":"wp","href":"https:\/\/api.w.org\/{rel}","templated":true}]}}