{"id":171,"date":"2022-10-06T09:24:02","date_gmt":"2022-10-06T09:24:02","guid":{"rendered":"https:\/\/ababa.tech\/topic\/?page_id=171"},"modified":"2023-09-11T14:31:03","modified_gmt":"2023-09-11T14:31:03","slug":"praktika","status":"publish","type":"page","link":"https:\/\/ababa.tech\/en\/apie-mus\/karjera\/praktika\/","title":{"rendered":"Internships"},"content":{"rendered":"<div data-elementor-type=\"wp-page\" data-elementor-id=\"171\" class=\"elementor elementor-171\" data-elementor-post-type=\"page\">\n\t\t\t\t\t\t<section class=\"elementor-section elementor-top-section elementor-element elementor-element-b5ae3b0 elementor-section-boxed elementor-section-height-default elementor-section-height-default\" data-id=\"b5ae3b0\" data-element_type=\"section\" data-e-type=\"section\">\n\t\t\t\t\t\t<div class=\"elementor-container elementor-column-gap-default\">\n\t\t\t\t\t<div class=\"elementor-column elementor-col-100 elementor-top-column elementor-element elementor-element-ca0e207\" data-id=\"ca0e207\" data-element_type=\"column\" data-e-type=\"column\">\n\t\t\t<div class=\"elementor-widget-wrap elementor-element-populated\">\n\t\t\t\t\t\t<div class=\"elementor-element elementor-element-57c7f04 elementor-widget elementor-widget-text-editor\" data-id=\"57c7f04\" data-element_type=\"widget\" data-e-type=\"widget\" data-widget_type=\"text-editor.default\">\n\t\t\t\t<div class=\"elementor-widget-container\">\n\t\t\t\t\t\t\t\t\t<p>Mes si\u016blome<b> Full-stack, nuotolin\u0119&nbsp;<\/b>praktik\u0105 pradedantiems programuotojams, kurie nori i\u0161mokti ra\u0161yti kod\u0105 \u0161i\u0173 laik\u0173 sistemoms.<\/p>\n<p>I\u0161kart pagrindiniai dalykai:<\/p>\n<ul>\n<li>M\u016bs\u0173 technologijos &#8211; React, Node.js, NestJS, Typescript. <a href=\"https:\/\/ababa.tech\/en\/musu-technologijos\/\">Visas s\u0105ra\u0161as apie m\u016bs\u0173 tech stack&#8217;\u0105 \u010dia<span style=\"color: var( --e-global-color-text ); font-family: var( --e-global-typography-text-font-family ), Sans-serif; font-weight: var( --e-global-typography-text-font-weight ); font-size: 1rem;\">.<\/span><\/a><\/li>\n<li>Praktikos trukm\u0117 tarp dviej\u0173 ir trij\u0173 m\u0117nesi\u0173.\n<ul>\n<li>Du m\u0117nesiai savanori\u0161kai praktikai,<\/li>\n<li>2 &#8211; 3 m\u0117n. jei per mokykl\u0105 ar univer\u0105.<\/li>\n<\/ul>\n<\/li>\n<li>Praktika neapmokama <img decoding=\"async\" class=\"emoji\" role=\"img\" draggable=\"false\" src=\"https:\/\/s.w.org\/images\/core\/emoji\/14.0.0\/svg\/1f62d.svg\" alt=\"\ud83d\ude2d\">.<\/li>\n<li>Praktikos prad\u017eios dat\u0105 gali rinktis pats \/ pati.<\/li>\n<li>Praktikos nederiname su mokykla ar darbu.<\/li><li>Praktik\u0105 galima atlikti i\u0161 bet kokio Lietuvos kampelio.<\/li>\n<\/ul>\t\t\t\t\t\t\t\t<\/div>\n\t\t\t\t<\/div>\n\t\t\t\t\t<\/div>\n\t\t<\/div>\n\t\t\t\t\t<\/div>\n\t\t<\/section>\n\t\t\t\t<section class=\"elementor-section elementor-top-section elementor-element elementor-element-10fcf10 elementor-section-boxed elementor-section-height-default elementor-section-height-default\" data-id=\"10fcf10\" data-element_type=\"section\" data-e-type=\"section\">\n\t\t\t\t\t\t<div class=\"elementor-container elementor-column-gap-default\">\n\t\t\t\t\t<div class=\"elementor-column elementor-col-100 elementor-top-column elementor-element elementor-element-557e849\" data-id=\"557e849\" data-element_type=\"column\" data-e-type=\"column\">\n\t\t\t<div class=\"elementor-widget-wrap elementor-element-populated\">\n\t\t\t\t\t\t<div class=\"elementor-element elementor-element-0dbb6a6 elementor-widget elementor-widget-heading\" data-id=\"0dbb6a6\" data-element_type=\"widget\" data-e-type=\"widget\" data-widget_type=\"heading.default\">\n\t\t\t\t<div class=\"elementor-widget-container\">\n\t\t\t\t\t<h2 class=\"elementor-heading-title elementor-size-default\">Kod\u0117l fainai praktika su mumis?<\/h2>\t\t\t\t<\/div>\n\t\t\t\t<\/div>\n\t\t\t\t<div class=\"elementor-element elementor-element-9c1b185 elementor-widget elementor-widget-text-editor\" data-id=\"9c1b185\" data-element_type=\"widget\" data-e-type=\"widget\" data-widget_type=\"text-editor.default\">\n\t\t\t\t<div class=\"elementor-widget-container\">\n\t\t\t\t\t\t\t\t\t<ul><li>Pilnai nuotolin\u0117 darbo vieta.<\/li><li>Po s\u0117kmingo praktikos baigimo, si\u016blome darb\u0105.<\/li><li>I\u0161 ties\u0173 flexible darbo valandos. Tik turim 11h daily standup&#8217;\u0105, tai vat vienintelis kada jau reikia b\u016bti. Daugiau gali naktim dirbti.<\/li><li>Kasdieniniai stand-up&#8217;ai su kolegomis ir senior lygio programuotoju.<\/li><li>Paskirtas senior lygio mentorius \/ <a href=\"https:\/\/www.reddit.com\/r\/lithuania\/comments\/16ccp0o\/comment\/jzihcdu\/?utm_source=share&amp;utm_medium=web2x&amp;context=3\" target=\"_blank\" rel=\"noopener\">\u012f\u017eymyb\u0117<\/a>.<\/li><li>Darbas ne su vidiniais \/ nereik\u0161mingais, bet su realiais projektais.<\/li><li>Liepiame daug kodint ir kodint gerai &#8211; per kelis m\u0117nesius tampate tikru low-junior&#8217;u.<\/li><li>Nedarom nereikaling\u0173 meet&#8217;\u0173.<\/li><li>N\u0117ra nes\u0105moning\u0173 u\u017eduo\u010di\u0173 kaip, pavyzd\u017eiui, sukelti info kur nors &#8211; tik programuoti.<\/li><\/ul>\t\t\t\t\t\t\t\t<\/div>\n\t\t\t\t<\/div>\n\t\t\t\t\t<\/div>\n\t\t<\/div>\n\t\t\t\t\t<\/div>\n\t\t<\/section>\n\t\t\t\t<section class=\"elementor-section elementor-top-section elementor-element elementor-element-906d59c elementor-section-boxed elementor-section-height-default elementor-section-height-default\" data-id=\"906d59c\" data-element_type=\"section\" data-e-type=\"section\">\n\t\t\t\t\t\t<div class=\"elementor-container elementor-column-gap-default\">\n\t\t\t\t\t<div class=\"elementor-column elementor-col-100 elementor-top-column elementor-element elementor-element-16dabf0\" data-id=\"16dabf0\" data-element_type=\"column\" data-e-type=\"column\">\n\t\t\t<div class=\"elementor-widget-wrap elementor-element-populated\">\n\t\t\t\t\t\t<div class=\"elementor-element elementor-element-624f7bc elementor-widget elementor-widget-heading\" data-id=\"624f7bc\" data-element_type=\"widget\" data-e-type=\"widget\" data-widget_type=\"heading.default\">\n\t\t\t\t<div class=\"elementor-widget-container\">\n\t\t\t\t\t<h2 class=\"elementor-heading-title elementor-size-default\">Ko ie\u0161kome i\u0161 praktikanto?\n<\/h2>\t\t\t\t<\/div>\n\t\t\t\t<\/div>\n\t\t\t\t<div class=\"elementor-element elementor-element-bbd9a99 elementor-widget elementor-widget-text-editor\" data-id=\"bbd9a99\" data-element_type=\"widget\" data-e-type=\"widget\" data-widget_type=\"text-editor.default\">\n\t\t\t\t<div class=\"elementor-widget-container\">\n\t\t\t\t\t\t\t\t\t<ol><li style=\"font-size: 16px;\"><span style=\"font-weight: bolder;\">fresh meme&#8217;sinimo \/ trollinimo, puns&#8217;\u0173 etc<\/span>\u00a0&#8211; tipo mes tai prikolinam, as you can see.<\/li><li style=\"font-size: 16px;\"><span style=\"font-weight: bolder;\">Absoliu\u010dios dedikacijos i\u0161mokti programuoti<\/span>. Jei mokaisi kodint, bet dar eini \u012f \u0161oki\u0173 b\u016brel\u012f, u\u017esiemi fotografija arba dirbi ka\u017ek\u0105, sorry, not gonna happen\u00a0<img decoding=\"async\" class=\"emoji\" role=\"img\" draggable=\"false\" src=\"https:\/\/s.w.org\/images\/core\/emoji\/14.0.0\/svg\/1f625.svg\" alt=\"\ud83d\ude25\" \/>*<br \/>* <a href=\"https:\/\/www.reddit.com\/r\/lithuania\/comments\/16ccp0o\/comment\/jzig638\/?utm_source=share&amp;utm_medium=web2x&amp;context=3\" target=\"_blank\" rel=\"noopener\">Reddit&#8217;as supyko d\u0117l \u0161ito punkto<\/a>, tai patikslinam &#8211; praktikos metu, pagrindinis profesinis u\u017esi\u0117mimas tur\u0117t\u0173 b\u016bti mokymasis programuoti<\/li><li style=\"font-size: 16px;\"><span style=\"font-weight: bolder;\">Basic programavimo skill&#8217;so:<\/span><br \/><ul style=\"font-size: 16px;\"><li style=\"font-size: 16px;\">CRUD&#8217;\u0105, kad ir kreivai, bet tur\u0117tum mok\u0117ti para\u0161yti,<\/li><li style=\"font-size: 16px;\">Tur\u0117tum suprasti kas yra git&#8217;o rebase etc,<\/li><li style=\"font-size: 16px;\">Display: flex tur\u0117t\u0173 b\u016bti no-braineris.<\/li><\/ul><\/li><\/ol>\t\t\t\t\t\t\t\t<\/div>\n\t\t\t\t<\/div>\n\t\t\t\t\t<\/div>\n\t\t<\/div>\n\t\t\t\t\t<\/div>\n\t\t<\/section>\n\t\t\t\t<section class=\"elementor-section elementor-top-section elementor-element elementor-element-36a0b2c elementor-section-boxed elementor-section-height-default elementor-section-height-default\" data-id=\"36a0b2c\" data-element_type=\"section\" data-e-type=\"section\">\n\t\t\t\t\t\t<div class=\"elementor-container elementor-column-gap-default\">\n\t\t\t\t\t<div class=\"elementor-column elementor-col-100 elementor-top-column elementor-element elementor-element-8de4b8a\" data-id=\"8de4b8a\" data-element_type=\"column\" data-e-type=\"column\">\n\t\t\t<div class=\"elementor-widget-wrap elementor-element-populated\">\n\t\t\t\t\t\t<div class=\"elementor-element elementor-element-ba5cac0 elementor-widget elementor-widget-heading\" data-id=\"ba5cac0\" data-element_type=\"widget\" data-e-type=\"widget\" data-widget_type=\"heading.default\">\n\t\t\t\t<div class=\"elementor-widget-container\">\n\t\t\t\t\t<h2 class=\"elementor-heading-title elementor-size-default\">Kaip atrodo kasdienyb\u0117 praktikos metu?<\/h2>\t\t\t\t<\/div>\n\t\t\t\t<\/div>\n\t\t\t\t<div class=\"elementor-element elementor-element-c77c3fe elementor-widget elementor-widget-text-editor\" data-id=\"c77c3fe\" data-element_type=\"widget\" data-e-type=\"widget\" data-widget_type=\"text-editor.default\">\n\t\t\t\t<div class=\"elementor-widget-container\">\n\t\t\t\t\t\t\t\t\t<ul><li>Atsikeli iki 11h,<\/li><li style=\"font-size: 16px;\">Pasidarot daily stand&#8217;up\u0105,<\/li><li style=\"font-size: 16px;\">Kodini vien\u0105 i\u0161 task&#8217;\u0173 Jiroje,<\/li><li style=\"font-size: 16px;\">Supushini kod\u0105,<\/li><li style=\"font-size: 16px;\">J\u012f pa\u017ei\u016bri junioras ir senioras,<\/li><li style=\"font-size: 16px;\">Taisai kod\u0105,<\/li><li style=\"font-size: 16px;\">Pushini task&#8217;\u0105 \u012f staging&#8217;\u0105,<\/li><li style=\"font-size: 16px;\">Klientas duoda feedback&#8217;\u0105,<\/li><li style=\"font-size: 16px;\">Pushinam kod\u0105 \u012f prod\u0105.<\/li><\/ul>\t\t\t\t\t\t\t\t<\/div>\n\t\t\t\t<\/div>\n\t\t\t\t\t<\/div>\n\t\t<\/div>\n\t\t\t\t\t<\/div>\n\t\t<\/section>\n\t\t\t\t<section class=\"elementor-section elementor-top-section elementor-element elementor-element-52671ef elementor-section-boxed elementor-section-height-default elementor-section-height-default\" data-id=\"52671ef\" data-element_type=\"section\" data-e-type=\"section\">\n\t\t\t\t\t\t<div class=\"elementor-container elementor-column-gap-default\">\n\t\t\t\t\t<div class=\"elementor-column elementor-col-100 elementor-top-column elementor-element elementor-element-8d31a5e\" data-id=\"8d31a5e\" data-element_type=\"column\" data-e-type=\"column\">\n\t\t\t<div class=\"elementor-widget-wrap elementor-element-populated\">\n\t\t\t\t\t\t<div class=\"elementor-element elementor-element-d537bc1 elementor-widget elementor-widget-heading\" data-id=\"d537bc1\" data-element_type=\"widget\" data-e-type=\"widget\" data-widget_type=\"heading.default\">\n\t\t\t\t<div class=\"elementor-widget-container\">\n\t\t\t\t\t<h2 class=\"elementor-heading-title elementor-size-default\">Kaip teikti u\u017eklaus\u0105 praktikai?<\/h2>\t\t\t\t<\/div>\n\t\t\t\t<\/div>\n\t\t\t\t<div class=\"elementor-element elementor-element-7150225 elementor-widget elementor-widget-text-editor\" data-id=\"7150225\" data-element_type=\"widget\" data-e-type=\"widget\" data-widget_type=\"text-editor.default\">\n\t\t\t\t<div class=\"elementor-widget-container\">\n\t\t\t\t\t\t\t\t\t<ol>\n<li>\u012evertink ar m\u016bs\u0173 vibe&#8217;as atitinka j\u016bs\u0173.<\/li>\n<li><a href=\"https:\/\/ababa.tech\/en\/testine-uzduotis\/\">Atlik m\u016bs\u0173 testin\u0119 u\u017eduot\u012f.<\/a><\/li>\n<li>Atsi\u0173sk nuorod\u0105 \u012f git&#8217;\u0105.<\/li>\n<li>M\u016bs\u0173 senior&#8217;as \u012fvertins u\u017eduot\u012f ir suteiks feedback&#8217;\u0105.<\/li>\n<li>Jei praeini m\u016bs\u0173 acceptance lyg\u012f, pasidarome meet&#8217;\u0105 susipa\u017einimui.<\/li>\n<li>Jei randame bendr\u0105 vibe&#8217;\u0105, ra\u0161om\u0117s praktikos sutart\u012f.<\/li>\n<li>???<\/li>\n<li>Let&#8217;s fooken go m8.<\/li>\n<\/ol>\t\t\t\t\t\t\t\t<\/div>\n\t\t\t\t<\/div>\n\t\t\t\t\t<\/div>\n\t\t<\/div>\n\t\t\t\t\t<\/div>\n\t\t<\/section>\n\t\t\t\t<section class=\"elementor-section elementor-top-section elementor-element elementor-element-3aeab558 elementor-section-boxed elementor-section-height-default elementor-section-height-default\" data-id=\"3aeab558\" data-element_type=\"section\" data-e-type=\"section\">\n\t\t\t\t\t\t<div class=\"elementor-container elementor-column-gap-default\">\n\t\t\t\t\t<div class=\"elementor-column elementor-col-100 elementor-top-column elementor-element elementor-element-398e7e52\" data-id=\"398e7e52\" data-element_type=\"column\" data-e-type=\"column\">\n\t\t\t<div class=\"elementor-widget-wrap elementor-element-populated\">\n\t\t\t\t\t\t<div class=\"elementor-element elementor-element-4c843216 elementor-widget elementor-widget-text-editor\" data-id=\"4c843216\" data-element_type=\"widget\" data-e-type=\"widget\" data-widget_type=\"text-editor.default\">\n\t\t\t\t<div class=\"elementor-widget-container\">\n\t\t\t\t\t\t\t\t\tJei turi daugiau klausim\u0173, feel free paklausti Tomo ar Domanto per Linkedin&#8217;\u0105 ar per bet kur i\u0161 tikro.\t\t\t\t\t\t\t\t<\/div>\n\t\t\t\t<\/div>\n\t\t\t\t\t<\/div>\n\t\t<\/div>\n\t\t\t\t\t<\/div>\n\t\t<\/section>\n\t\t<div class=\"elementor-element elementor-element-1f077c3 e-flex e-con-boxed e-con e-parent\" data-id=\"1f077c3\" data-element_type=\"container\" data-e-type=\"container\">\n\t\t\t\t\t<div class=\"e-con-inner\">\n\t\t\t\t<div class=\"elementor-element elementor-element-ec3a075 elementor-widget elementor-widget-heading\" data-id=\"ec3a075\" data-element_type=\"widget\" data-e-type=\"widget\" data-widget_type=\"heading.default\">\n\t\t\t\t<div class=\"elementor-widget-container\">\n\t\t\t\t\t<h2 class=\"elementor-heading-title elementor-size-default\">Labai fainai, patiko, nori prisijungt? Atlik testin\u0119 u\u017eduot\u012f \u010dia:\n<\/h2>\t\t\t\t<\/div>\n\t\t\t\t<\/div>\n\t\t\t\t<div class=\"elementor-element elementor-element-04b673e elementor-align-center elementor-widget elementor-widget-button\" data-id=\"04b673e\" data-element_type=\"widget\" data-e-type=\"widget\" data-settings=\"{&quot;motion_fx_motion_fx_mouse&quot;:&quot;yes&quot;,&quot;motion_fx_mouseTrack_effect&quot;:&quot;yes&quot;,&quot;motion_fx_mouseTrack_direction&quot;:&quot;negative&quot;,&quot;motion_fx_tilt_effect&quot;:&quot;yes&quot;,&quot;motion_fx_tilt_speed&quot;:{&quot;unit&quot;:&quot;px&quot;,&quot;size&quot;:10,&quot;sizes&quot;:[]},&quot;motion_fx_mouseTrack_speed&quot;:{&quot;unit&quot;:&quot;px&quot;,&quot;size&quot;:1,&quot;sizes&quot;:[]}}\" data-widget_type=\"button.default\">\n\t\t\t\t<div class=\"elementor-widget-container\">\n\t\t\t\t\t\t\t\t\t<div class=\"elementor-button-wrapper\">\n\t\t\t\t\t<a class=\"elementor-button elementor-button-link elementor-size-xl\" href=\"https:\/\/ababa.tech\/en\/apie-mus\/karjera\/testine-uzduotis\/\">\n\t\t\t\t\t\t<span class=\"elementor-button-content-wrapper\">\n\t\t\t\t\t\t\t\t\t<span class=\"elementor-button-text\">Testin\u0117 u\u017eduotis \u010dia<\/span>\n\t\t\t\t\t<\/span>\n\t\t\t\t\t<\/a>\n\t\t\t\t<\/div>\n\t\t\t\t\t\t\t\t<\/div>\n\t\t\t\t<\/div>\n\t\t\t\t\t<\/div>\n\t\t\t\t<\/div>\n\t\t\t\t<\/div>","protected":false},"excerpt":{"rendered":"<p>Mes si\u016blome Full-stack, nuotolin\u0119&nbsp;praktik\u0105 pradedantiems programuotojams, kurie nori i\u0161mokti ra\u0161yti kod\u0105 \u0161i\u0173 laik\u0173 sistemoms. I\u0161kart pagrindiniai dalykai: M\u016bs\u0173 technologijos &#8211; React, Node.js, NestJS, Typescript. Visas s\u0105ra\u0161as apie m\u016bs\u0173 tech stack&#8217;\u0105 \u010dia. Praktikos trukm\u0117 tarp dviej\u0173 ir trij\u0173 m\u0117nesi\u0173. Du m\u0117nesiai savanori\u0161kai praktikai, 2 &#8211; 3 m\u0117n. jei per mokykl\u0105 ar univer\u0105. Praktika neapmokama . Praktikos [&hellip;]<\/p>\n","protected":false},"author":1,"featured_media":0,"parent":156,"menu_order":0,"comment_status":"closed","ping_status":"closed","template":"","meta":{"_acf_changed":false,"footnotes":""},"class_list":["post-171","page","type-page","status-publish","hentry"],"acf":[],"yoast_head":"<!-- This site is optimized with the Yoast SEO plugin v27.3 - https:\/\/yoast.com\/product\/yoast-seo-wordpress\/ -->\n<title>Praktika - ababa.tech<\/title>\n<meta name=\"robots\" content=\"index, follow, max-snippet:-1, max-image-preview:large, max-video-preview:-1\" \/>\n<link rel=\"canonical\" href=\"https:\/\/ababa.tech\/en\/apie-mus\/karjera\/praktika\/\" \/>\n<meta property=\"og:locale\" content=\"en_GB\" \/>\n<meta property=\"og:type\" content=\"article\" \/>\n<meta property=\"og:title\" content=\"Praktika - ababa.tech\" \/>\n<meta property=\"og:description\" content=\"Mes si\u016blome Full-stack, nuotolin\u0119&nbsp;praktik\u0105 pradedantiems programuotojams, kurie nori i\u0161mokti ra\u0161yti kod\u0105 \u0161i\u0173 laik\u0173 sistemoms. I\u0161kart pagrindiniai dalykai: M\u016bs\u0173 technologijos &#8211; React, Node.js, NestJS, Typescript. Visas s\u0105ra\u0161as apie m\u016bs\u0173 tech stack&#8217;\u0105 \u010dia. Praktikos trukm\u0117 tarp dviej\u0173 ir trij\u0173 m\u0117nesi\u0173. Du m\u0117nesiai savanori\u0161kai praktikai, 2 &#8211; 3 m\u0117n. jei per mokykl\u0105 ar univer\u0105. Praktika neapmokama . Praktikos [&hellip;]\" \/>\n<meta property=\"og:url\" content=\"https:\/\/ababa.tech\/en\/apie-mus\/karjera\/praktika\/\" \/>\n<meta property=\"og:site_name\" content=\"ababa.tech\" \/>\n<meta property=\"article:publisher\" content=\"https:\/\/www.facebook.com\/ababa.tech\" \/>\n<meta property=\"article:modified_time\" content=\"2023-09-11T14:31:03+00:00\" \/>\n<meta property=\"og:image\" content=\"https:\/\/s.w.org\/images\/core\/emoji\/14.0.0\/svg\/1f62d.svg\" \/>\n<meta name=\"twitter:card\" content=\"summary_large_image\" \/>\n<meta name=\"twitter:label1\" content=\"Estimated reading time\" \/>\n\t<meta name=\"twitter:data1\" content=\"2 minutes\" \/>\n<script type=\"application\/ld+json\" class=\"yoast-schema-graph\">{\"@context\":\"https:\\\/\\\/schema.org\",\"@graph\":[{\"@type\":\"WebPage\",\"@id\":\"https:\\\/\\\/ababa.tech\\\/apie-mus\\\/karjera\\\/praktika\\\/\",\"url\":\"https:\\\/\\\/ababa.tech\\\/apie-mus\\\/karjera\\\/praktika\\\/\",\"name\":\"Praktika - ababa.tech\",\"isPartOf\":{\"@id\":\"https:\\\/\\\/ababa.tech\\\/#website\"},\"primaryImageOfPage\":{\"@id\":\"https:\\\/\\\/ababa.tech\\\/apie-mus\\\/karjera\\\/praktika\\\/#primaryimage\"},\"image\":{\"@id\":\"https:\\\/\\\/ababa.tech\\\/apie-mus\\\/karjera\\\/praktika\\\/#primaryimage\"},\"thumbnailUrl\":\"https:\\\/\\\/s.w.org\\\/images\\\/core\\\/emoji\\\/14.0.0\\\/svg\\\/1f62d.svg\",\"datePublished\":\"2022-10-06T09:24:02+00:00\",\"dateModified\":\"2023-09-11T14:31:03+00:00\",\"breadcrumb\":{\"@id\":\"https:\\\/\\\/ababa.tech\\\/apie-mus\\\/karjera\\\/praktika\\\/#breadcrumb\"},\"inLanguage\":\"en-GB\",\"potentialAction\":[{\"@type\":\"ReadAction\",\"target\":[\"https:\\\/\\\/ababa.tech\\\/apie-mus\\\/karjera\\\/praktika\\\/\"]}]},{\"@type\":\"ImageObject\",\"inLanguage\":\"en-GB\",\"@id\":\"https:\\\/\\\/ababa.tech\\\/apie-mus\\\/karjera\\\/praktika\\\/#primaryimage\",\"url\":\"https:\\\/\\\/s.w.org\\\/images\\\/core\\\/emoji\\\/14.0.0\\\/svg\\\/1f62d.svg\",\"contentUrl\":\"https:\\\/\\\/s.w.org\\\/images\\\/core\\\/emoji\\\/14.0.0\\\/svg\\\/1f62d.svg\"},{\"@type\":\"BreadcrumbList\",\"@id\":\"https:\\\/\\\/ababa.tech\\\/apie-mus\\\/karjera\\\/praktika\\\/#breadcrumb\",\"itemListElement\":[{\"@type\":\"ListItem\",\"position\":1,\"name\":\"Pradinis\",\"item\":\"https:\\\/\\\/ababa.tech\\\/\"},{\"@type\":\"ListItem\",\"position\":2,\"name\":\"Apie mus\",\"item\":\"https:\\\/\\\/ababa.tech\\\/apie-mus\\\/\"},{\"@type\":\"ListItem\",\"position\":3,\"name\":\"Karjera\",\"item\":\"https:\\\/\\\/ababa.tech\\\/apie-mus\\\/karjera\\\/\"},{\"@type\":\"ListItem\",\"position\":4,\"name\":\"Praktika\"}]},{\"@type\":\"WebSite\",\"@id\":\"https:\\\/\\\/ababa.tech\\\/#website\",\"url\":\"https:\\\/\\\/ababa.tech\\\/\",\"name\":\"ababa.tech\",\"description\":\"Greitojo kodo kompanija\",\"publisher\":{\"@id\":\"https:\\\/\\\/ababa.tech\\\/#organization\"},\"potentialAction\":[{\"@type\":\"SearchAction\",\"target\":{\"@type\":\"EntryPoint\",\"urlTemplate\":\"https:\\\/\\\/ababa.tech\\\/?s={search_term_string}\"},\"query-input\":{\"@type\":\"PropertyValueSpecification\",\"valueRequired\":true,\"valueName\":\"search_term_string\"}}],\"inLanguage\":\"en-GB\"},{\"@type\":\"Organization\",\"@id\":\"https:\\\/\\\/ababa.tech\\\/#organization\",\"name\":\"ababa.tech\",\"url\":\"https:\\\/\\\/ababa.tech\\\/\",\"logo\":{\"@type\":\"ImageObject\",\"inLanguage\":\"en-GB\",\"@id\":\"https:\\\/\\\/ababa.tech\\\/#\\\/schema\\\/logo\\\/image\\\/\",\"url\":\"https:\\\/\\\/ababa.tech\\\/wp-content\\\/uploads\\\/2022\\\/09\\\/ABABATECH-sviesiam-fonui.png\",\"contentUrl\":\"https:\\\/\\\/ababa.tech\\\/wp-content\\\/uploads\\\/2022\\\/09\\\/ABABATECH-sviesiam-fonui.png\",\"width\":666,\"height\":128,\"caption\":\"ababa.tech\"},\"image\":{\"@id\":\"https:\\\/\\\/ababa.tech\\\/#\\\/schema\\\/logo\\\/image\\\/\"},\"sameAs\":[\"https:\\\/\\\/www.facebook.com\\\/ababa.tech\"]}]}<\/script>\n<!-- \/ Yoast SEO plugin. -->","yoast_head_json":{"title":"Praktika - ababa.tech","robots":{"index":"index","follow":"follow","max-snippet":"max-snippet:-1","max-image-preview":"max-image-preview:large","max-video-preview":"max-video-preview:-1"},"canonical":"https:\/\/ababa.tech\/en\/apie-mus\/karjera\/praktika\/","og_locale":"en_GB","og_type":"article","og_title":"Praktika - ababa.tech","og_description":"Mes si\u016blome Full-stack, nuotolin\u0119&nbsp;praktik\u0105 pradedantiems programuotojams, kurie nori i\u0161mokti ra\u0161yti kod\u0105 \u0161i\u0173 laik\u0173 sistemoms. I\u0161kart pagrindiniai dalykai: M\u016bs\u0173 technologijos &#8211; React, Node.js, NestJS, Typescript. Visas s\u0105ra\u0161as apie m\u016bs\u0173 tech stack&#8217;\u0105 \u010dia. Praktikos trukm\u0117 tarp dviej\u0173 ir trij\u0173 m\u0117nesi\u0173. Du m\u0117nesiai savanori\u0161kai praktikai, 2 &#8211; 3 m\u0117n. jei per mokykl\u0105 ar univer\u0105. Praktika neapmokama . Praktikos [&hellip;]","og_url":"https:\/\/ababa.tech\/en\/apie-mus\/karjera\/praktika\/","og_site_name":"ababa.tech","article_publisher":"https:\/\/www.facebook.com\/ababa.tech","article_modified_time":"2023-09-11T14:31:03+00:00","og_image":[{"url":"https:\/\/s.w.org\/images\/core\/emoji\/14.0.0\/svg\/1f62d.svg","type":"","width":"","height":""}],"twitter_card":"summary_large_image","twitter_misc":{"Estimated reading time":"2 minutes"},"schema":{"@context":"https:\/\/schema.org","@graph":[{"@type":"WebPage","@id":"https:\/\/ababa.tech\/apie-mus\/karjera\/praktika\/","url":"https:\/\/ababa.tech\/apie-mus\/karjera\/praktika\/","name":"Praktika - ababa.tech","isPartOf":{"@id":"https:\/\/ababa.tech\/#website"},"primaryImageOfPage":{"@id":"https:\/\/ababa.tech\/apie-mus\/karjera\/praktika\/#primaryimage"},"image":{"@id":"https:\/\/ababa.tech\/apie-mus\/karjera\/praktika\/#primaryimage"},"thumbnailUrl":"https:\/\/s.w.org\/images\/core\/emoji\/14.0.0\/svg\/1f62d.svg","datePublished":"2022-10-06T09:24:02+00:00","dateModified":"2023-09-11T14:31:03+00:00","breadcrumb":{"@id":"https:\/\/ababa.tech\/apie-mus\/karjera\/praktika\/#breadcrumb"},"inLanguage":"en-GB","potentialAction":[{"@type":"ReadAction","target":["https:\/\/ababa.tech\/apie-mus\/karjera\/praktika\/"]}]},{"@type":"ImageObject","inLanguage":"en-GB","@id":"https:\/\/ababa.tech\/apie-mus\/karjera\/praktika\/#primaryimage","url":"https:\/\/s.w.org\/images\/core\/emoji\/14.0.0\/svg\/1f62d.svg","contentUrl":"https:\/\/s.w.org\/images\/core\/emoji\/14.0.0\/svg\/1f62d.svg"},{"@type":"BreadcrumbList","@id":"https:\/\/ababa.tech\/apie-mus\/karjera\/praktika\/#breadcrumb","itemListElement":[{"@type":"ListItem","position":1,"name":"Pradinis","item":"https:\/\/ababa.tech\/"},{"@type":"ListItem","position":2,"name":"Apie mus","item":"https:\/\/ababa.tech\/apie-mus\/"},{"@type":"ListItem","position":3,"name":"Karjera","item":"https:\/\/ababa.tech\/apie-mus\/karjera\/"},{"@type":"ListItem","position":4,"name":"Praktika"}]},{"@type":"WebSite","@id":"https:\/\/ababa.tech\/#website","url":"https:\/\/ababa.tech\/","name":"ababa.tech","description":"Greitojo kodo kompanija","publisher":{"@id":"https:\/\/ababa.tech\/#organization"},"potentialAction":[{"@type":"SearchAction","target":{"@type":"EntryPoint","urlTemplate":"https:\/\/ababa.tech\/?s={search_term_string}"},"query-input":{"@type":"PropertyValueSpecification","valueRequired":true,"valueName":"search_term_string"}}],"inLanguage":"en-GB"},{"@type":"Organization","@id":"https:\/\/ababa.tech\/#organization","name":"ababa.tech","url":"https:\/\/ababa.tech\/","logo":{"@type":"ImageObject","inLanguage":"en-GB","@id":"https:\/\/ababa.tech\/#\/schema\/logo\/image\/","url":"https:\/\/ababa.tech\/wp-content\/uploads\/2022\/09\/ABABATECH-sviesiam-fonui.png","contentUrl":"https:\/\/ababa.tech\/wp-content\/uploads\/2022\/09\/ABABATECH-sviesiam-fonui.png","width":666,"height":128,"caption":"ababa.tech"},"image":{"@id":"https:\/\/ababa.tech\/#\/schema\/logo\/image\/"},"sameAs":["https:\/\/www.facebook.com\/ababa.tech"]}]}},"_links":{"self":[{"href":"https:\/\/ababa.tech\/en\/wp-json\/wp\/v2\/pages\/171","targetHints":{"allow":["GET"]}}],"collection":[{"href":"https:\/\/ababa.tech\/en\/wp-json\/wp\/v2\/pages"}],"about":[{"href":"https:\/\/ababa.tech\/en\/wp-json\/wp\/v2\/types\/page"}],"author":[{"embeddable":true,"href":"https:\/\/ababa.tech\/en\/wp-json\/wp\/v2\/users\/1"}],"replies":[{"embeddable":true,"href":"https:\/\/ababa.tech\/en\/wp-json\/wp\/v2\/comments?post=171"}],"version-history":[{"count":66,"href":"https:\/\/ababa.tech\/en\/wp-json\/wp\/v2\/pages\/171\/revisions"}],"predecessor-version":[{"id":1544,"href":"https:\/\/ababa.tech\/en\/wp-json\/wp\/v2\/pages\/171\/revisions\/1544"}],"up":[{"embeddable":true,"href":"https:\/\/ababa.tech\/en\/wp-json\/wp\/v2\/pages\/156"}],"wp:attachment":[{"href":"https:\/\/ababa.tech\/en\/wp-json\/wp\/v2\/media?parent=171"}],"curies":[{"name":"wp","href":"https:\/\/api.w.org\/{rel}","templated":true}]}}