{"id":1611,"date":"2024-06-25T09:55:42","date_gmt":"2024-06-25T09:55:42","guid":{"rendered":"https:\/\/ababa.tech\/?page_id=1611"},"modified":"2025-03-13T11:15:37","modified_gmt":"2025-03-13T11:15:37","slug":"base","status":"publish","type":"page","link":"https:\/\/ababa.tech\/en\/base\/","title":{"rendered":"Ababa Base"},"content":{"rendered":"<div data-elementor-type=\"wp-page\" data-elementor-id=\"1611\" class=\"elementor elementor-1611\" data-elementor-post-type=\"page\">\n\t\t\t\t<div class=\"elementor-element elementor-element-8b3259e e-flex e-con-boxed e-con e-parent\" data-id=\"8b3259e\" data-element_type=\"container\" data-e-type=\"container\">\n\t\t\t\t\t<div class=\"e-con-inner\">\n\t\t\t\t<div class=\"elementor-element elementor-element-32ff979a elementor-widget elementor-widget-text-editor\" data-id=\"32ff979a\" data-element_type=\"widget\" data-e-type=\"widget\" data-widget_type=\"text-editor.default\">\n\t\t\t\t<div class=\"elementor-widget-container\">\n\t\t\t\t\t\t\t\t\t<p>Visi m\u016bs\u0173 projektai yra kuriami naudojant &#8222;Ababa Base&#8221; programinio kodo karkas\u0105, kuris veikia kaip bet kurio m\u016bs\u0173 kuriamo projekto pamatas. \u0160is paketas turi daug paruo\u0161t\u0173 kodo komponent\u0173, funkcij\u0173, automatizuot\u0173 darb\u0173 bei optimizacij\u0173, d\u0117l to leid\u017eia mums projektus kurti daug grei\u010diau ir pasi\u016blyti \u0161iuos funkcionalumus pigiau nei konkurentai.<\/p>\n<p>Rekomenduojame \u0161\u012f s\u0105ra\u0161iuk\u0105 nune\u0161ti j\u016bs\u0173 pa\u017e\u012fstamiems programuotojams ir paklausti j\u0173 nuomon\u0117s &#8211; ar kas nors Lietuvoje gal\u0117t\u0173 pasi\u016blyti tokias funkcijas rinkoje u\u017e m\u016bs\u0173 kain\u0105. Esame tikri, kad ne!<\/p>\n<p>\u010cia s\u0105ra\u0161iukas, kas \u012feina \u012f Base&#8217;\u0105:<\/p>\t\t\t\t\t\t\t\t<\/div>\n\t\t\t\t<\/div>\n\t\t\t\t\t<\/div>\n\t\t\t\t<\/div>\n\t\t<div class=\"elementor-element elementor-element-0139172 e-con-full e-flex e-con e-parent\" data-id=\"0139172\" data-element_type=\"container\" data-e-type=\"container\">\n\t\t\t\t<div class=\"elementor-element elementor-element-c45bb42 elementor-widget elementor-widget-shortcode\" data-id=\"c45bb42\" data-element_type=\"widget\" data-e-type=\"widget\" data-widget_type=\"shortcode.default\">\n\t\t\t\t<div class=\"elementor-widget-container\">\n\t\t\t\t\t\t\t<div class=\"elementor-shortcode\">\n<table id=\"tablepress-1\" class=\"tablepress tablepress-id-1 ababa-nexus-table tbody-has-connected-cells\">\n<thead>\n<tr class=\"row-1\">\n\t<th class=\"column-1\">Nr<\/th><th class=\"column-2\">Title<\/th><th class=\"column-3\">Why is it necessary?<\/th><th class=\"column-4\">Base kaina<\/th><th class=\"column-5\">Rinkos kaina<\/th><th class=\"column-6\">Savings<\/th>\n<\/tr>\n<\/thead>\n<tbody class=\"row-striping row-hover\">\n<tr class=\"row-2\">\n\t<td colspan=\"6\" class=\"column-1\"><strong>Projekto paleidimo automatizacija<\/strong><\/td>\n<\/tr>\n<tr class=\"row-3\">\n\t<td class=\"column-1\">1<\/td><td class=\"column-2\">Code repositories<\/td><td class=\"column-3\">Code stored in repositories is versioned and much easier to maintain<\/td><td class=\"column-4\">30<\/td><td class=\"column-5\">60<\/td><td class=\"column-6\">50%, 30\u20ac<\/td>\n<\/tr>\n<tr class=\"row-4\">\n\t<td class=\"column-1\">2<\/td><td class=\"column-2\">Digitalocean s3<\/td><td class=\"column-3\">Allows safe, fast and reliable storage and loading of any type of files systematically<br \/>\n<\/td><td class=\"column-4\">30<\/td><td class=\"column-5\">60<\/td><td class=\"column-6\">50%, 30\u20ac<\/td>\n<\/tr>\n<tr class=\"row-5\">\n\t<td class=\"column-1\">3<\/td><td class=\"column-2\">Digitalocean CDN<\/td><td class=\"column-3\">Significantly speeds up file loading<\/td><td class=\"column-4\">40<\/td><td class=\"column-5\">60<\/td><td class=\"column-6\">33%, 20\u20ac<\/td>\n<\/tr>\n<tr class=\"row-6\">\n\t<td class=\"column-1\">4<\/td><td class=\"column-2\">Backup configuration<\/td><td class=\"column-3\">Allows to restore an older version of the system<\/td><td class=\"column-4\">30<\/td><td class=\"column-5\">40<\/td><td class=\"column-6\">25%, 10\u20ac<\/td>\n<\/tr>\n<tr class=\"row-7\">\n\t<td class=\"column-1\">5<\/td><td class=\"column-2\">Nginx<\/td><td class=\"column-3\">Significantly speeds up system performance<\/td><td class=\"column-4\">50<\/td><td class=\"column-5\">180<\/td><td class=\"column-6\">72%, 130\u20ac<\/td>\n<\/tr>\n<tr class=\"row-8\">\n\t<td class=\"column-1\">6<\/td><td class=\"column-2\">Continuous integration<\/td><td class=\"column-3\">Facilitates work between multiple programmers and reduces the likelihood of conflicting code<\/td><td class=\"column-4\">40<\/td><td class=\"column-5\">120<\/td><td class=\"column-6\">67%, 80\u20ac<\/td>\n<\/tr>\n<tr class=\"row-9\">\n\t<td class=\"column-1\">7<\/td><td class=\"column-2\">Sentry<\/td><td class=\"column-3\">Automatically reports system errors that occur, so they can be handled even if no one has reported them<\/td><td class=\"column-4\">50<\/td><td class=\"column-5\">80<\/td><td class=\"column-6\">37%, 30\u20ac<\/td>\n<\/tr>\n<tr class=\"row-10\">\n\t<td class=\"column-1\">8<\/td><td class=\"column-2\">Docker<\/td><td class=\"column-3\">Facilitates project launch for employees<\/td><td class=\"column-4\">50<\/td><td class=\"column-5\">120<\/td><td class=\"column-6\">58%, 70\u20ac<\/td>\n<\/tr>\n<tr class=\"row-11\">\n\t<td class=\"column-1\">9<\/td><td class=\"column-2\">PostgreSQL database<\/td><td class=\"column-3\">Database preparation, configuration, protection<\/td><td class=\"column-4\">60<\/td><td class=\"column-5\">160<\/td><td class=\"column-6\">62%, 100\u20ac<\/td>\n<\/tr>\n<tr class=\"row-12\">\n\t<td class=\"column-1\">10<\/td><td class=\"column-2\">Allocation of virtual memory<\/td><td class=\"column-3\">Reduces the cost of renting a server by four times<\/td><td class=\"column-4\">50<\/td><td class=\"column-5\">80<\/td><td class=\"column-6\">37%, 30\u20ac<\/td>\n<\/tr>\n<tr class=\"row-13\">\n\t<td class=\"column-1\">11<\/td><td class=\"column-2\">Brevo SMTP<\/td><td class=\"column-3\">An email broker that improves email delivery<\/td><td class=\"column-4\">200<\/td><td class=\"column-5\">350<\/td><td class=\"column-6\">43%, 150\u20ac<\/td>\n<\/tr>\n<tr class=\"row-14\">\n\t<td class=\"column-1\">12<\/td><td class=\"column-2\">Brevo Templates<br \/>\n<\/td><td class=\"column-3\">Allows convenient management of e-mail content of letters<\/td><td class=\"column-4\">100<\/td><td class=\"column-5\">300<\/td><td class=\"column-6\">67%, 200\u20ac<\/td>\n<\/tr>\n<tr class=\"row-15\">\n\t<td class=\"column-1\">13<\/td><td class=\"column-2\">Brevo log &amp; tracking<\/td><td class=\"column-3\">Allows real-time email tracking, mail delivery, opening, button clicks<\/td><td class=\"column-4\">150<\/td><td class=\"column-5\">250<\/td><td class=\"column-6\">40%, 100\u20ac<\/td>\n<\/tr>\n<tr class=\"row-16\">\n\t<td class=\"column-1\">14<\/td><td class=\"column-2\">Audit log<\/td><td class=\"column-3\">Sistemos vartotoj\u0173 atlikt\u0173 veiksm\u0173 saugojimas suteikia galimyb\u0119 atsekti, kas dar\u0117 kok\u012f veiksm\u0105 bei \u0161io audito atvaizdavimas sistemoje<\/td><td class=\"column-4\">50<\/td><td class=\"column-5\">850<\/td><td class=\"column-6\">94%, 800\u20ac<\/td>\n<\/tr>\n<tr class=\"row-17\">\n\t<td class=\"column-1\">15<\/td><td class=\"column-2\">Domain configuration<\/td><td class=\"column-3\">Allows accessing the system at the desired address<\/td><td class=\"column-4\">60<\/td><td class=\"column-5\">70<\/td><td class=\"column-6\">14%, 10\u20ac<\/td>\n<\/tr>\n<tr class=\"row-18\">\n\t<td colspan=\"6\" class=\"column-1\"><strong>Security<\/strong><\/td>\n<\/tr>\n<tr class=\"row-19\">\n\t<td class=\"column-1\">16<\/td><td class=\"column-2\">Firewall<br \/>\n<\/td><td class=\"column-3\">Protects against malicious system attacks<\/td><td class=\"column-4\">50<\/td><td class=\"column-5\">100<\/td><td class=\"column-6\">50%, 50\u20ac<\/td>\n<\/tr>\n<tr class=\"row-20\">\n\t<td class=\"column-1\">17<\/td><td class=\"column-2\">CI user, DB user<\/td><td class=\"column-3\">Reduces the chance of guessing database and repository connections<\/td><td class=\"column-4\">30<\/td><td class=\"column-5\">60<\/td><td class=\"column-6\">50%, 30\u20ac<\/td>\n<\/tr>\n<tr class=\"row-21\">\n\t<td class=\"column-1\">18<\/td><td class=\"column-2\">Let\u2019s Encrypt SSL<\/td><td class=\"column-3\">Encrypts the communication between the system and the user<\/td><td class=\"column-4\">30<\/td><td class=\"column-5\">60<\/td><td class=\"column-6\">50%, 30\u20ac<\/td>\n<\/tr>\n<tr class=\"row-22\">\n\t<td class=\"column-1\">19<\/td><td class=\"column-2\">SSL auto renew<\/td><td class=\"column-3\">Automatically renews the SSL certificate<\/td><td class=\"column-4\">60<\/td><td class=\"column-5\">80<\/td><td class=\"column-6\">25%, 20\u20ac<\/td>\n<\/tr>\n<tr class=\"row-23\">\n\t<td class=\"column-1\">20<\/td><td class=\"column-2\">SSH auth keys<\/td><td class=\"column-3\">An additional layer of protection that reduces the probability of system hacking<\/td><td class=\"column-4\">30<\/td><td class=\"column-5\">50<\/td><td class=\"column-6\">40%, 20\u20ac<\/td>\n<\/tr>\n<tr class=\"row-24\">\n\t<td class=\"column-1\">21<\/td><td class=\"column-2\">Cron jobs<\/td><td class=\"column-3\">A configuration that allows the execution of software functions at the desired time<\/td><td class=\"column-4\">50<\/td><td class=\"column-5\">80<\/td><td class=\"column-6\">37%, 30\u20ac<\/td>\n<\/tr>\n<tr class=\"row-25\">\n\t<td class=\"column-1\">22<\/td><td class=\"column-2\">Close unused ports<\/td><td class=\"column-3\">An additional layer of protection that reduces the probability of system hacking<\/td><td class=\"column-4\">30<\/td><td class=\"column-5\">50<\/td><td class=\"column-6\">40%, 20\u20ac<\/td>\n<\/tr>\n<tr class=\"row-26\">\n\t<td class=\"column-1\">23<\/td><td class=\"column-2\">Refresh token<\/td><td class=\"column-3\">Automatic extension of the login session, which prevents repeated logins<\/td><td class=\"column-4\">60<\/td><td class=\"column-5\">180<\/td><td class=\"column-6\">67%, 120\u20ac<\/td>\n<\/tr>\n<tr class=\"row-27\">\n\t<td class=\"column-1\">24<\/td><td class=\"column-2\">reCaptcha V3<\/td><td class=\"column-3\">Protects forms from robotic form filling<\/td><td class=\"column-4\">40<\/td><td class=\"column-5\">100<\/td><td class=\"column-6\">60%, 60\u20ac<\/td>\n<\/tr>\n<tr class=\"row-28\">\n\t<td colspan=\"6\" class=\"column-1\"><strong>Administrative part<\/strong><\/td>\n<\/tr>\n<tr class=\"row-29\">\n\t<td class=\"column-1\">25<\/td><td class=\"column-2\">Development of design guidelines, coordination<\/td><td class=\"column-3\">Selection of colors and fonts according to the branding of the project and application of these styles in the main components of the system<\/td><td class=\"column-4\">80<\/td><td class=\"column-5\">100<\/td><td class=\"column-6\">20%, 20\u20ac<\/td>\n<\/tr>\n<tr class=\"row-30\">\n\t<td class=\"column-1\">26<\/td><td class=\"column-2\">Initial layout<\/td><td class=\"column-3\">Development of pages, programming of the visual part<\/td><td class=\"column-4\">100<\/td><td class=\"column-5\">500<\/td><td class=\"column-6\">80%, 400\u20ac<\/td>\n<\/tr>\n<tr class=\"row-31\">\n\t<td class=\"column-1\">27<\/td><td class=\"column-2\">Login\/registration page<\/td><td class=\"column-3\"><\/td><td class=\"column-4\">100<\/td><td class=\"column-5\">350<\/td><td class=\"column-6\">71%, 250\u20ac<\/td>\n<\/tr>\n<tr class=\"row-32\">\n\t<td class=\"column-1\">28<\/td><td class=\"column-2\">Login via Google<\/td><td class=\"column-3\">Allows logging into the system with a Google account. No need to enter a password<\/td><td class=\"column-4\">150<\/td><td class=\"column-5\">350<\/td><td class=\"column-6\">57%, 200\u20ac<\/td>\n<\/tr>\n<tr class=\"row-33\">\n\t<td class=\"column-1\">29<\/td><td class=\"column-2\">Login\/registration via regular e-mail<\/td><td class=\"column-3\">Allows to register or log in via regular e-mail<\/td><td class=\"column-4\">150<\/td><td class=\"column-5\">300<\/td><td class=\"column-6\">50%, 150\u20ac<\/td>\n<\/tr>\n<tr class=\"row-34\">\n\t<td class=\"column-1\">30<\/td><td class=\"column-2\">Password reset<\/td><td class=\"column-3\"><\/td><td class=\"column-4\">50<\/td><td class=\"column-5\">150<\/td><td class=\"column-6\">67%, 100\u20ac<\/td>\n<\/tr>\n<tr class=\"row-35\">\n\t<td class=\"column-1\">31<\/td><td class=\"column-2\">Email address confirmation via email<\/td><td class=\"column-3\"><\/td><td class=\"column-4\">80<\/td><td class=\"column-5\">120<\/td><td class=\"column-6\">33%, 40\u20ac<\/td>\n<\/tr>\n<tr class=\"row-36\">\n\t<td class=\"column-1\">32<\/td><td class=\"column-2\">Administratori\u0173 pakvietimas pa\u0161tu<\/td><td class=\"column-3\">Funkcija, kuri i\u0161siun\u010dia el. lai\u0161k\u0105 administratoriui su pakvietimu prisijungti prie sistemos<\/td><td class=\"column-4\">50<\/td><td class=\"column-5\">300<\/td><td class=\"column-6\">83%, 250\u20ac<\/td>\n<\/tr>\n<tr class=\"row-37\">\n\t<td class=\"column-1\">33<\/td><td class=\"column-2\">Sidebar<\/td><td class=\"column-3\">Sistemos \u0161oninio meniu i\u0161d\u0117stymas<br \/>\n<\/td><td class=\"column-4\">80<\/td><td class=\"column-5\">250<\/td><td class=\"column-6\">68%, 170\u20ac<\/td>\n<\/tr>\n<tr class=\"row-38\">\n\t<td class=\"column-1\">34<\/td><td class=\"column-2\">Header + logout<\/td><td class=\"column-3\">System top menu layout, clean logout programming<\/td><td class=\"column-4\">50<\/td><td class=\"column-5\">100<\/td><td class=\"column-6\">50%, 50\u20ac<\/td>\n<\/tr>\n<tr class=\"row-39\">\n\t<td class=\"column-1\">35<\/td><td class=\"column-2\">Administrator management<\/td><td class=\"column-3\">This function allows to add, edit, delete system administrators<\/td><td class=\"column-4\">150<\/td><td class=\"column-5\">350<\/td><td class=\"column-6\">57%, 200\u20ac<\/td>\n<\/tr>\n<tr class=\"row-40\">\n\t<td class=\"column-1\">36<\/td><td class=\"column-2\">Language management<\/td><td class=\"column-3\">Feature to create an unlimited number of languages<\/td><td class=\"column-4\">150<\/td><td class=\"column-5\">400<\/td><td class=\"column-6\">62%, 60\u20ac<\/td>\n<\/tr>\n<tr class=\"row-41\">\n\t<td class=\"column-1\">37<\/td><td class=\"column-2\">Management of system terms<\/td><td class=\"column-3\">A function that allows modifying and translating system terms<\/td><td class=\"column-4\">140<\/td><td class=\"column-5\">400<\/td><td class=\"column-6\">65%, 260\u20ac<\/td>\n<\/tr>\n<tr class=\"row-42\">\n\t<td class=\"column-1\">38<\/td><td class=\"column-2\">Adaptation for mobile devices<\/td><td class=\"column-3\">Work that makes administrative environment easy to manage on mobile devices<\/td><td class=\"column-4\">100<\/td><td class=\"column-5\">400<\/td><td class=\"column-6\">75%, 300\u20ac<\/td>\n<\/tr>\n<tr class=\"row-43\">\n\t<td class=\"column-1\">39<\/td><td class=\"column-2\">Lazy-loading implementation on pages<\/td><td class=\"column-3\">Pagreitina puslapi\u0173 krovim\u0105, nes krauna ma\u017eiau duomen\u0173 vienu metu<\/td><td class=\"column-4\">60<\/td><td class=\"column-5\">120<\/td><td class=\"column-6\">50%, 60\u20ac<\/td>\n<\/tr>\n<tr class=\"row-44\">\n\t<td class=\"column-1\">40<\/td><td class=\"column-2\">Vartotojo profilis<\/td><td class=\"column-3\">Informacijos apie vartotoj\u0105 valdymas<\/td><td class=\"column-4\">80<\/td><td class=\"column-5\">250<br \/>\n<\/td><td class=\"column-6\">68%, 170\u20ac<\/td>\n<\/tr>\n<tr class=\"row-45\">\n\t<td class=\"column-1\">41<\/td><td class=\"column-2\">Slapta\u017eod\u017eio keitimo funkcija<\/td><td class=\"column-3\">Funkcija, kuri leid\u017eia prisijungusiam vartotojui pakeisti savo slapta\u017eod\u012f<\/td><td class=\"column-4\">50<\/td><td class=\"column-5\">150<\/td><td class=\"column-6\">67%, 100\u20ac<\/td>\n<\/tr>\n<tr class=\"row-46\">\n\t<td class=\"column-1\">42<\/td><td class=\"column-2\">Sistemos UI stilius<\/td><td class=\"column-3\">Funkcija, leid\u017eianti prapl\u0117sti arba susiaurinti turin\u012f<\/td><td class=\"column-4\">50<\/td><td class=\"column-5\">100<br \/>\n<\/td><td class=\"column-6\">50%, 50\u20ac<\/td>\n<\/tr>\n<tr class=\"row-47\">\n\t<td class=\"column-1\">43<\/td><td class=\"column-2\">Vartotojo duomen\u0173 i\u0161trynimo funkcija<\/td><td class=\"column-3\">Leid\u017eia vartotojui i\u0161trinti savo paskyr\u0105 patvirtinant veiksm\u0105 el. pa\u0161tu<\/td><td class=\"column-4\">50<\/td><td class=\"column-5\">100<\/td><td class=\"column-6\">50%, 50\u20ac<\/td>\n<\/tr>\n<tr class=\"row-48\">\n\t<td class=\"column-1\">44<\/td><td class=\"column-2\">Klaid\u0173 puslapiai<\/td><td class=\"column-3\">Funkcija, kuri parodo ai\u0161k\u0173 klaidos prane\u0161im\u0105, kai vartotojas neturi teisi\u0173 pa\u017ei\u016br\u0117ti puslapio, puslapis nerastas ar \u012fvyksta klaida<\/td><td class=\"column-4\">50<\/td><td class=\"column-5\">150<\/td><td class=\"column-6\">67%, 100\u20ac<\/td>\n<\/tr>\n<tr class=\"row-49\">\n\t<td colspan=\"6\" class=\"column-1\"><strong>Kitos funkcijos<\/strong><\/td>\n<\/tr>\n<tr class=\"row-50\">\n\t<td class=\"column-1\">45<\/td><td class=\"column-2\">Automatinis \u012fkelt\u0173 nuotrauk\u0173 optimizavimas<\/td><td class=\"column-3\">Automati\u0161kai sugeneruojami keli skirtingi originalios nuotraukos dyd\u017eiai (Thumbnails)<\/td><td class=\"column-4\">50<\/td><td class=\"column-5\">600<\/td><td class=\"column-6\">92%, 550\u20ac<\/td>\n<\/tr>\n<tr class=\"row-51\">\n\t<td class=\"column-1\">46<\/td><td class=\"column-2\">Automatinis \u012fkelt\u0173 nuotrauk\u0173 konvertavimas \u012f WebP<\/td><td class=\"column-3\">Optimizuojame nuotrauk\u0173 dyd\u012f, kad sistema jas kraut\u0173 grei\u010diau<\/td><td class=\"column-4\">30<\/td><td class=\"column-5\">450<\/td><td class=\"column-6\">93%, 420\u20ac<\/td>\n<\/tr>\n<tr class=\"row-52\">\n\t<td class=\"column-1\">47<\/td><td class=\"column-2\">Serverio b\u016bkl\u0117s monitoringas<\/td><td class=\"column-3\">Funkcija, kuri realiuoju laiku tikrina serverio apkrov\u0105 ir informuoja mus, jei apkrova didel\u0117<\/td><td class=\"column-4\">20<\/td><td class=\"column-5\">250<\/td><td class=\"column-6\">92%, 230\u20ac<\/td>\n<\/tr>\n<tr class=\"row-53\">\n\t<td class=\"column-1\">48<\/td><td class=\"column-2\">Automatizuota atnaujinim\u0173 distribucija<\/td><td class=\"column-3\">Funkcija, kuri aptinka, kad yra i\u0161leista nauja sistemos versija ir automati\u0161kai j\u0105 atnaujina<\/td><td class=\"column-4\">50<\/td><td class=\"column-5\">300<\/td><td class=\"column-6\">83%, 250\u20ac<\/td>\n<\/tr>\n<\/tbody>\n<tfoot>\n<tr class=\"row-54\">\n\t<th colspan=\"3\" class=\"column-1\">Total:<\/th><th class=\"column-4\">3290<\/th><th class=\"column-5\">10080<\/th><th class=\"column-6\">67%, 6790\u20ac<\/th>\n<\/tr>\n<\/tfoot>\n<\/table>\n<!-- #tablepress-1 from cache --><\/div>\n\t\t\t\t\t\t<\/div>\n\t\t\t\t<\/div>\n\t\t\t\t<\/div>\n\t\t\t\t<\/div>","protected":false},"excerpt":{"rendered":"<p>Visi m\u016bs\u0173 projektai yra kuriami naudojant &#8222;Ababa Base&#8221; programinio kodo karkas\u0105, kuris veikia kaip bet kurio m\u016bs\u0173 kuriamo projekto pamatas. \u0160is paketas turi daug paruo\u0161t\u0173 kodo komponent\u0173, funkcij\u0173, automatizuot\u0173 darb\u0173 bei optimizacij\u0173, d\u0117l to leid\u017eia mums projektus kurti daug grei\u010diau ir pasi\u016blyti \u0161iuos funkcionalumus pigiau nei konkurentai. Rekomenduojame \u0161\u012f s\u0105ra\u0161iuk\u0105 nune\u0161ti j\u016bs\u0173 pa\u017e\u012fstamiems programuotojams ir [&hellip;]<\/p>\n","protected":false},"author":1,"featured_media":0,"parent":0,"menu_order":0,"comment_status":"closed","ping_status":"closed","template":"","meta":{"_acf_changed":false,"footnotes":""},"class_list":["post-1611","page","type-page","status-publish","hentry"],"acf":[],"yoast_head":"<!-- This site is optimized with the Yoast SEO plugin v27.4 - https:\/\/yoast.com\/product\/yoast-seo-wordpress\/ -->\n<title>Ababa Base - ababa.tech<\/title>\n<meta name=\"robots\" content=\"index, follow, max-snippet:-1, max-image-preview:large, max-video-preview:-1\" \/>\n<link rel=\"canonical\" href=\"https:\/\/ababa.tech\/en\/base\/\" \/>\n<meta property=\"og:locale\" content=\"en_GB\" \/>\n<meta property=\"og:type\" content=\"article\" \/>\n<meta property=\"og:title\" content=\"Ababa Base - ababa.tech\" \/>\n<meta property=\"og:description\" content=\"Visi m\u016bs\u0173 projektai yra kuriami naudojant &#8222;Ababa Base&#8221; programinio kodo karkas\u0105, kuris veikia kaip bet kurio m\u016bs\u0173 kuriamo projekto pamatas. \u0160is paketas turi daug paruo\u0161t\u0173 kodo komponent\u0173, funkcij\u0173, automatizuot\u0173 darb\u0173 bei optimizacij\u0173, d\u0117l to leid\u017eia mums projektus kurti daug grei\u010diau ir pasi\u016blyti \u0161iuos funkcionalumus pigiau nei konkurentai. Rekomenduojame \u0161\u012f s\u0105ra\u0161iuk\u0105 nune\u0161ti j\u016bs\u0173 pa\u017e\u012fstamiems programuotojams ir [&hellip;]\" \/>\n<meta property=\"og:url\" content=\"https:\/\/ababa.tech\/en\/base\/\" \/>\n<meta property=\"og:site_name\" content=\"ababa.tech\" \/>\n<meta property=\"article:publisher\" content=\"https:\/\/www.facebook.com\/ababa.tech\" \/>\n<meta property=\"article:modified_time\" content=\"2025-03-13T11:15:37+00:00\" \/>\n<meta name=\"twitter:card\" content=\"summary_large_image\" \/>\n<meta name=\"twitter:label1\" content=\"Estimated reading time\" \/>\n\t<meta name=\"twitter:data1\" content=\"1 minute\" \/>\n<script type=\"application\/ld+json\" class=\"yoast-schema-graph\">{\"@context\":\"https:\\\/\\\/schema.org\",\"@graph\":[{\"@type\":\"WebPage\",\"@id\":\"https:\\\/\\\/ababa.tech\\\/base\\\/\",\"url\":\"https:\\\/\\\/ababa.tech\\\/base\\\/\",\"name\":\"Ababa Base - ababa.tech\",\"isPartOf\":{\"@id\":\"https:\\\/\\\/ababa.tech\\\/#website\"},\"datePublished\":\"2024-06-25T09:55:42+00:00\",\"dateModified\":\"2025-03-13T11:15:37+00:00\",\"breadcrumb\":{\"@id\":\"https:\\\/\\\/ababa.tech\\\/base\\\/#breadcrumb\"},\"inLanguage\":\"en-GB\",\"potentialAction\":[{\"@type\":\"ReadAction\",\"target\":[\"https:\\\/\\\/ababa.tech\\\/base\\\/\"]}]},{\"@type\":\"BreadcrumbList\",\"@id\":\"https:\\\/\\\/ababa.tech\\\/base\\\/#breadcrumb\",\"itemListElement\":[{\"@type\":\"ListItem\",\"position\":1,\"name\":\"Pradinis\",\"item\":\"https:\\\/\\\/ababa.tech\\\/\"},{\"@type\":\"ListItem\",\"position\":2,\"name\":\"Ababa Base\"}]},{\"@type\":\"WebSite\",\"@id\":\"https:\\\/\\\/ababa.tech\\\/#website\",\"url\":\"https:\\\/\\\/ababa.tech\\\/\",\"name\":\"ababa.tech\",\"description\":\"Greitojo kodo kompanija\",\"publisher\":{\"@id\":\"https:\\\/\\\/ababa.tech\\\/#organization\"},\"potentialAction\":[{\"@type\":\"SearchAction\",\"target\":{\"@type\":\"EntryPoint\",\"urlTemplate\":\"https:\\\/\\\/ababa.tech\\\/?s={search_term_string}\"},\"query-input\":{\"@type\":\"PropertyValueSpecification\",\"valueRequired\":true,\"valueName\":\"search_term_string\"}}],\"inLanguage\":\"en-GB\"},{\"@type\":\"Organization\",\"@id\":\"https:\\\/\\\/ababa.tech\\\/#organization\",\"name\":\"ababa.tech\",\"url\":\"https:\\\/\\\/ababa.tech\\\/\",\"logo\":{\"@type\":\"ImageObject\",\"inLanguage\":\"en-GB\",\"@id\":\"https:\\\/\\\/ababa.tech\\\/#\\\/schema\\\/logo\\\/image\\\/\",\"url\":\"https:\\\/\\\/ababa.tech\\\/wp-content\\\/uploads\\\/2022\\\/09\\\/ABABATECH-sviesiam-fonui.png\",\"contentUrl\":\"https:\\\/\\\/ababa.tech\\\/wp-content\\\/uploads\\\/2022\\\/09\\\/ABABATECH-sviesiam-fonui.png\",\"width\":666,\"height\":128,\"caption\":\"ababa.tech\"},\"image\":{\"@id\":\"https:\\\/\\\/ababa.tech\\\/#\\\/schema\\\/logo\\\/image\\\/\"},\"sameAs\":[\"https:\\\/\\\/www.facebook.com\\\/ababa.tech\"]}]}<\/script>\n<!-- \/ Yoast SEO plugin. -->","yoast_head_json":{"title":"Ababa Base - ababa.tech","robots":{"index":"index","follow":"follow","max-snippet":"max-snippet:-1","max-image-preview":"max-image-preview:large","max-video-preview":"max-video-preview:-1"},"canonical":"https:\/\/ababa.tech\/en\/base\/","og_locale":"en_GB","og_type":"article","og_title":"Ababa Base - ababa.tech","og_description":"Visi m\u016bs\u0173 projektai yra kuriami naudojant &#8222;Ababa Base&#8221; programinio kodo karkas\u0105, kuris veikia kaip bet kurio m\u016bs\u0173 kuriamo projekto pamatas. \u0160is paketas turi daug paruo\u0161t\u0173 kodo komponent\u0173, funkcij\u0173, automatizuot\u0173 darb\u0173 bei optimizacij\u0173, d\u0117l to leid\u017eia mums projektus kurti daug grei\u010diau ir pasi\u016blyti \u0161iuos funkcionalumus pigiau nei konkurentai. Rekomenduojame \u0161\u012f s\u0105ra\u0161iuk\u0105 nune\u0161ti j\u016bs\u0173 pa\u017e\u012fstamiems programuotojams ir [&hellip;]","og_url":"https:\/\/ababa.tech\/en\/base\/","og_site_name":"ababa.tech","article_publisher":"https:\/\/www.facebook.com\/ababa.tech","article_modified_time":"2025-03-13T11:15:37+00:00","twitter_card":"summary_large_image","twitter_misc":{"Estimated reading time":"1 minute"},"schema":{"@context":"https:\/\/schema.org","@graph":[{"@type":"WebPage","@id":"https:\/\/ababa.tech\/base\/","url":"https:\/\/ababa.tech\/base\/","name":"Ababa Base - ababa.tech","isPartOf":{"@id":"https:\/\/ababa.tech\/#website"},"datePublished":"2024-06-25T09:55:42+00:00","dateModified":"2025-03-13T11:15:37+00:00","breadcrumb":{"@id":"https:\/\/ababa.tech\/base\/#breadcrumb"},"inLanguage":"en-GB","potentialAction":[{"@type":"ReadAction","target":["https:\/\/ababa.tech\/base\/"]}]},{"@type":"BreadcrumbList","@id":"https:\/\/ababa.tech\/base\/#breadcrumb","itemListElement":[{"@type":"ListItem","position":1,"name":"Pradinis","item":"https:\/\/ababa.tech\/"},{"@type":"ListItem","position":2,"name":"Ababa Base"}]},{"@type":"WebSite","@id":"https:\/\/ababa.tech\/#website","url":"https:\/\/ababa.tech\/","name":"ababa.tech","description":"Greitojo kodo kompanija","publisher":{"@id":"https:\/\/ababa.tech\/#organization"},"potentialAction":[{"@type":"SearchAction","target":{"@type":"EntryPoint","urlTemplate":"https:\/\/ababa.tech\/?s={search_term_string}"},"query-input":{"@type":"PropertyValueSpecification","valueRequired":true,"valueName":"search_term_string"}}],"inLanguage":"en-GB"},{"@type":"Organization","@id":"https:\/\/ababa.tech\/#organization","name":"ababa.tech","url":"https:\/\/ababa.tech\/","logo":{"@type":"ImageObject","inLanguage":"en-GB","@id":"https:\/\/ababa.tech\/#\/schema\/logo\/image\/","url":"https:\/\/ababa.tech\/wp-content\/uploads\/2022\/09\/ABABATECH-sviesiam-fonui.png","contentUrl":"https:\/\/ababa.tech\/wp-content\/uploads\/2022\/09\/ABABATECH-sviesiam-fonui.png","width":666,"height":128,"caption":"ababa.tech"},"image":{"@id":"https:\/\/ababa.tech\/#\/schema\/logo\/image\/"},"sameAs":["https:\/\/www.facebook.com\/ababa.tech"]}]}},"_links":{"self":[{"href":"https:\/\/ababa.tech\/en\/wp-json\/wp\/v2\/pages\/1611","targetHints":{"allow":["GET"]}}],"collection":[{"href":"https:\/\/ababa.tech\/en\/wp-json\/wp\/v2\/pages"}],"about":[{"href":"https:\/\/ababa.tech\/en\/wp-json\/wp\/v2\/types\/page"}],"author":[{"embeddable":true,"href":"https:\/\/ababa.tech\/en\/wp-json\/wp\/v2\/users\/1"}],"replies":[{"embeddable":true,"href":"https:\/\/ababa.tech\/en\/wp-json\/wp\/v2\/comments?post=1611"}],"version-history":[{"count":26,"href":"https:\/\/ababa.tech\/en\/wp-json\/wp\/v2\/pages\/1611\/revisions"}],"predecessor-version":[{"id":1795,"href":"https:\/\/ababa.tech\/en\/wp-json\/wp\/v2\/pages\/1611\/revisions\/1795"}],"wp:attachment":[{"href":"https:\/\/ababa.tech\/en\/wp-json\/wp\/v2\/media?parent=1611"}],"curies":[{"name":"wp","href":"https:\/\/api.w.org\/{rel}","templated":true}]}}