{"id":156,"date":"2022-10-05T17:26:33","date_gmt":"2022-10-05T17:26:33","guid":{"rendered":"https:\/\/ababa.tech\/topic\/?page_id=156"},"modified":"2023-06-26T16:15:31","modified_gmt":"2023-06-26T16:15:31","slug":"karjera","status":"publish","type":"page","link":"https:\/\/ababa.tech\/en\/apie-mus\/karjera\/","title":{"rendered":"Career"},"content":{"rendered":"<div data-elementor-type=\"wp-page\" data-elementor-id=\"156\" class=\"elementor elementor-156\" data-elementor-post-type=\"page\">\n\t\t\t\t<div class=\"elementor-element elementor-element-bc01540 e-flex e-con-boxed e-con e-parent\" data-id=\"bc01540\" data-element_type=\"container\" data-e-type=\"container\">\n\t\t\t\t\t<div class=\"e-con-inner\">\n\t\t\t\t<div class=\"elementor-element elementor-element-eb04736 elementor-widget elementor-widget-heading\" data-id=\"eb04736\" data-element_type=\"widget\" data-e-type=\"widget\" data-widget_type=\"heading.default\">\n\t\t\t\t<div class=\"elementor-widget-container\">\n\t\t\t\t\t<h2 class=\"elementor-heading-title elementor-size-default\">Darbas ababoj skamba \u012fdomiai? \u010cia daugiau info, kaip jis atrodo:<\/h2>\t\t\t\t<\/div>\n\t\t\t\t<\/div>\n\t\t\t\t<div class=\"elementor-element elementor-element-62d71ed elementor-widget elementor-widget-text-editor\" data-id=\"62d71ed\" data-element_type=\"widget\" data-e-type=\"widget\" data-widget_type=\"text-editor.default\">\n\t\t\t\t<div class=\"elementor-widget-container\">\n\t\t\t\t\t\t\t\t\t<ol><li><strong>Darbas ababa.tech \u012fmon\u0117je yra 99% nuotolinis. <\/strong>Mes karts nuo karto susitinkame Kaune ar Vilniuje pa\u0161vesti, ka\u017ek\u0105 paveikti, bet i\u0161 principo visi dirba nuotoliu.<\/li><li><strong>Darbo valandos i\u0161 ties\u0173 yra lanks\u010dios.<\/strong> Niekas ne\u017ei\u016bri kada prad\u0117jai dirbti ir kada baigi darb\u0105. Kai kurie i\u0161 m\u016bs\u0173 pradeda 6:30 ir baigia 15, kiti pradeda 13 ir baigia 21.<\/li><li><strong>Darbuotoj\u0173 atlyginimo k\u0117limas yra beveik kas m\u0117nesinis. <\/strong>Ababos sukurta karjeros sistema leid\u017eia darbuotojams pasikelti atlyginim\u0105 ir savo lyg\u012f kas m\u0117nes\u012f.<\/li><li><strong>90% darbo yra individualaus, 10% su komanda.\u00a0<\/strong>Mes nedarome nereikaling\u0173 susitikim\u0173, tad lieka daugiau laiko kodui. Susitikimai per savait\u0119 trunka apie 3 &#8211; 4 val.<\/li><\/ol>\t\t\t\t\t\t\t\t<\/div>\n\t\t\t\t<\/div>\n\t\t\t\t\t<\/div>\n\t\t\t\t<\/div>\n\t\t<div class=\"elementor-element elementor-element-57eef62 e-flex e-con-boxed e-con e-parent\" data-id=\"57eef62\" data-element_type=\"container\" data-e-type=\"container\">\n\t\t\t\t\t<div class=\"e-con-inner\">\n\t\t\t\t<div class=\"elementor-element elementor-element-8223453 elementor-widget elementor-widget-heading\" data-id=\"8223453\" data-element_type=\"widget\" data-e-type=\"widget\" data-widget_type=\"heading.default\">\n\t\t\t\t<div class=\"elementor-widget-container\">\n\t\t\t\t\t<h2 class=\"elementor-heading-title elementor-size-default\">ababos perks'ai:<\/h2>\t\t\t\t<\/div>\n\t\t\t\t<\/div>\n\t\t\t\t<div class=\"elementor-element elementor-element-ef47404 elementor-widget elementor-widget-text-editor\" data-id=\"ef47404\" data-element_type=\"widget\" data-e-type=\"widget\" data-widget_type=\"text-editor.default\">\n\t\t\t\t<div class=\"elementor-widget-container\">\n\t\t\t\t\t\t\t\t\t<p>OMG ababa nedor\u0117l\u0117, neduoda perks\u0173????<\/p>\n<p>O jums neb\u016bna, kai ateinat \u012f virtuv\u0117l\u0119 ir ten kokie nors egzotiniai ananasai, nuo kuri\u0173 jums paleid\u017eia \ud83d\udca9? Mes galvojam, kad \u010dia bi\u0161ki nes\u0105mon\u0117 yra &#8211; kiekvienas \u017emogus turi savo norus ir bendr\u0173 dalyk\u0173 u\u017esakyti nereikia. D\u0117l to mes visus perksus pavert\u0117m \u012f \ud83d\udcb5 kaip pried\u0105 kiekvienam ababeriui. Koks priedas ir i\u0161 ko?<\/p>\n<p><strong>Kart\u0105 \u012f m\u0117nes\u012f kiekvienas darbuotojas gauna kaip pried\u0105 prie savo atlyginimo &#8211; 90\u20ac \u012f rankas:<\/strong><\/p>\n<ol>\n<li>Educational biud\u017eetas &#8211; 15 \u20ac<\/li>\n<li>Team building&#8217;as &#8211; 10 \u20ac<\/li>\n<li>Sporto sal\u0117 &#8211; 20 \u20ac<\/li>\n<li>Commute&#8217;as &#8211; 10 \u20ac<\/li>\n<li>Tools&#8217;ai &#8211; 20 \u20ac<\/li>\n<li>Snacks&#8217;ai &#8211; 5 \u20ac<\/li>\n<li>Piet\u016bs &#8222;ant m\u016bs\u0173&#8221; &#8211; 7 \u20ac<\/li>\n<li>Gimtadienio dovan\u0117l\u0117 &#8211; 3&nbsp;\u20ac<\/li>\n<\/ol>\n<p>Per metus &#8211; <strong>1080\u20ac \u012f rankas<\/strong> arba kind of junior&#8217;o trylikta alga.<\/p>\n<p>J\u016bs spr\u0119skite ar geriau extra \u20ac, ar bakla\u017eanas ofise \u2620\ufe0f<\/p>\n<p><em>Ka\u017eko <span style=\"text-decoration: underline;\">reasonable<\/span> tr\u016bksta? Para\u0161yk, prid\u0117sim \ud83e\udef6<\/em><\/p>\n<p><em>&nbsp;<\/em><\/p>\n<h3 class=\"elementor-heading-title elementor-size-default elementor-inline-editing pen\" style=\"font-family: 'DM Sans', sans-serif; font-weight: var( --e-global-typography-primary-font-weight );\" data-elementor-setting-key=\"title\" data-pen-placeholder=\"Type Here...\">Mentoriaus dividendai:<\/h3>\n<p>But wait, there&#8217;s more!&nbsp;<span style=\"color: var( --e-global-color-text ); font-family: var( --e-global-typography-text-font-family ), Sans-serif; font-weight: var( --e-global-typography-text-font-weight ); text-align: var(--text-align); font-size: 1rem;\">Atsimenate versl\u0105 nuo nulio?&nbsp;<\/span><span style=\"color: var( --e-global-color-text ); font-family: var( --e-global-typography-text-font-family ), Sans-serif; font-weight: var( --e-global-typography-text-font-weight ); text-align: var(--text-align); font-size: 1rem;\">Ababoje irgi toks verslas yra &#8211; nieko nedirbi ir gauni pinig\u0173. How??<\/span><\/p>\n<p><span style=\"font-weight: bold; color: var( --e-global-color-text ); font-family: var( --e-global-typography-text-font-family ), Sans-serif; text-align: var(--text-align); font-size: 1rem;\">Mentoriai gauna 2% nuo mokinio atlikt\u0173 task&#8217;\u0173. <\/span><span style=\"color: var( --e-global-color-text ); font-family: var( --e-global-typography-text-font-family ), Sans-serif; text-align: var(--text-align); font-size: 1rem;\">Mentorius apmokina savo mokin\u012f ir kai tas mokinys padaro task&#8217;\u0105, mentoriui pareina dividendai. Pvz jei tasko vert\u0117 100Eur ir \u0161\u012f task&#8217;\u0105 atlieka mokinys, mentoriui pareina 2 euriukai. \u0160is priedas i\u0161mokamas kart\u0105 \u012f m\u0117nes\u012f su atlyginimu.<\/span><\/p>\t\t\t\t\t\t\t\t<\/div>\n\t\t\t\t<\/div>\n\t\t\t\t\t<\/div>\n\t\t\t\t<\/div>\n\t\t<div class=\"elementor-element elementor-element-688970b e-flex e-con-boxed e-con e-parent\" data-id=\"688970b\" data-element_type=\"container\" data-e-type=\"container\">\n\t\t\t\t\t<div class=\"e-con-inner\">\n\t\t\t\t<div class=\"elementor-element elementor-element-70ca75f elementor-widget elementor-widget-heading\" data-id=\"70ca75f\" data-element_type=\"widget\" data-e-type=\"widget\" data-widget_type=\"heading.default\">\n\t\t\t\t<div class=\"elementor-widget-container\">\n\t\t\t\t\t<h2 class=\"elementor-heading-title elementor-size-default\">ababos karjeros sistema El ladderino\u2122\ufe0f\u00a9\ufe0f<\/h2>\t\t\t\t<\/div>\n\t\t\t\t<\/div>\n\t\t\t\t<div class=\"elementor-element elementor-element-314b3e5 elementor-widget elementor-widget-text-editor\" data-id=\"314b3e5\" data-element_type=\"widget\" data-e-type=\"widget\" data-widget_type=\"text-editor.default\">\n\t\t\t\t<div class=\"elementor-widget-container\">\n\t\t\t\t\t\t\t\t\t<p>ababoje n\u0117ra kasmetini\u0173 ar kaspusmetini\u0173 performance&#8217;o reviews&#8217;\u0173. Performance reviews&#8217;ai vyksta visada 24\/7, realtime&#8217;u, be sustojimo wow.<\/p><p>Kiekvienas darbuotojas turi savo score&#8217;\u0105 (MMR). Pagal darbuotojo MMR, paskai\u010diuojamas jo lygis ir atlyginimas. \u0160iuo metu yra 21 levelis (nuo bronze 5 iki diamond 5). Kart\u0105 \u012f m\u0117nes\u012f (v\u0117liau bus kas dien\u0105), paskai\u010diuojamas darbuotojo MMR ir jei pasiekiamas kitas lygis, darbuotojas rank-up&#8217;ina ir gauna daugiau\u00a0<span style=\"color: var( --e-global-color-text ); font-family: var( --e-global-typography-text-font-family ), Sans-serif; font-weight: var( --e-global-typography-text-font-weight ); text-align: var(--text-align); font-size: 1rem;\">\ud83d\udcb5.<\/span><\/p><p>MMR priklauso nuo \u012fvairi\u0173 metrik\u0173, pvz kaip greitai sukodini task&#8217;\u0105, kiek bug&#8217;\u0173 palieki, koks t\u0173 bug&#8217;\u0173 severity. Taip pat koks task&#8217;o sud\u0117tingumas.<\/p><p>\u0160i sistema mums atrodo teisingesn\u0117 nei atlygi skai\u010diuoti pagal i\u0161dirbtus metus arba pagal ka\u017ekokius \u017eini\u0173 testus, arba atsiliepimus i\u0161 koleg\u0173. \u017dod\u017eiu, jei gerai kodini, alg\u0105 pasikelsi daug grei\u010diau nei kitose IT \u012fmon\u0117se, hehe.<\/p>\t\t\t\t\t\t\t\t<\/div>\n\t\t\t\t<\/div>\n\t\t\t\t\t<\/div>\n\t\t\t\t<\/div>\n\t\t<div class=\"elementor-element elementor-element-15fc16f e-flex e-con-boxed e-con e-parent\" data-id=\"15fc16f\" data-element_type=\"container\" data-e-type=\"container\">\n\t\t\t\t\t<div class=\"e-con-inner\">\n\t\t\t\t<div class=\"elementor-element elementor-element-abbe2f3 elementor-widget elementor-widget-heading\" data-id=\"abbe2f3\" data-element_type=\"widget\" data-e-type=\"widget\" data-widget_type=\"heading.default\">\n\t\t\t\t<div class=\"elementor-widget-container\">\n\t\t\t\t\t<h2 class=\"elementor-heading-title elementor-size-default\">ababos taisykl\u0117s:<\/h2>\t\t\t\t<\/div>\n\t\t\t\t<\/div>\n\t\t\t\t<div class=\"elementor-element elementor-element-91f9565 elementor-widget elementor-widget-text-editor\" data-id=\"91f9565\" data-element_type=\"widget\" data-e-type=\"widget\" data-widget_type=\"text-editor.default\">\n\t\t\t\t<div class=\"elementor-widget-container\">\n\t\t\t\t\t\t\t\t\t<ol>\n<li><strong>Atostogos &#8211;<\/strong> ababoj atostogos pagal darbo kodeks\u0105. 2 dienos per m\u0117nes\u012f, bet kiekvienas darbuotojas gali eiti iki 5 darbo dien\u0173 \u012f minus\u0105.<\/li>\n<li><strong>Visi dirba su linux&#8217;u &#8211;<\/strong> tiesiog ant kit\u0173 OS yra l\u0117tesnis development&#8217;as.<\/li>\n<li><strong>Visi dirba su visais projektais &#8211;&nbsp;<\/strong>ababoj n\u0117ra pasiskirstymo pagal projektus. Visi ababeriai yra universal\u016bs ir moka visk\u0105.<\/li>\n<li><strong>Visi dirba su vienu stack&#8217;u &#8211; <\/strong>vienodas stackas leid\u017eia lengviau pernaudoti komponentus tarp projekt\u0173.<\/li>\n<\/ol>\t\t\t\t\t\t\t\t<\/div>\n\t\t\t\t<\/div>\n\t\t\t\t\t<\/div>\n\t\t\t\t<\/div>\n\t\t<div class=\"elementor-element elementor-element-0f973e1 e-flex e-con-boxed e-con e-parent\" data-id=\"0f973e1\" data-element_type=\"container\" data-e-type=\"container\">\n\t\t\t\t\t<div class=\"e-con-inner\">\n\t\t\t\t<div class=\"elementor-element elementor-element-fc2bd5d elementor-widget elementor-widget-heading\" data-id=\"fc2bd5d\" data-element_type=\"widget\" data-e-type=\"widget\" data-widget_type=\"heading.default\">\n\t\t\t\t<div class=\"elementor-widget-container\">\n\t\t\t\t\t<h2 class=\"elementor-heading-title elementor-size-default\">Labai fainai, patiko, nori prisijungt? Atlik testin\u0119 u\u017eduot\u012f \u010dia:\n<\/h2>\t\t\t\t<\/div>\n\t\t\t\t<\/div>\n\t\t\t\t<div class=\"elementor-element elementor-element-3757524 elementor-align-center elementor-widget elementor-widget-button\" data-id=\"3757524\" data-element_type=\"widget\" data-e-type=\"widget\" data-settings=\"{&quot;motion_fx_motion_fx_mouse&quot;:&quot;yes&quot;,&quot;motion_fx_mouseTrack_effect&quot;:&quot;yes&quot;,&quot;motion_fx_mouseTrack_direction&quot;:&quot;negative&quot;,&quot;motion_fx_tilt_effect&quot;:&quot;yes&quot;,&quot;motion_fx_tilt_speed&quot;:{&quot;unit&quot;:&quot;px&quot;,&quot;size&quot;:10,&quot;sizes&quot;:[]},&quot;motion_fx_mouseTrack_speed&quot;:{&quot;unit&quot;:&quot;px&quot;,&quot;size&quot;:1,&quot;sizes&quot;:[]}}\" data-widget_type=\"button.default\">\n\t\t\t\t<div class=\"elementor-widget-container\">\n\t\t\t\t\t\t\t\t\t<div class=\"elementor-button-wrapper\">\n\t\t\t\t\t<a class=\"elementor-button elementor-button-link elementor-size-xl\" href=\"https:\/\/ababa.tech\/en\/apie-mus\/karjera\/testine-uzduotis\/\">\n\t\t\t\t\t\t<span class=\"elementor-button-content-wrapper\">\n\t\t\t\t\t\t\t\t\t<span class=\"elementor-button-text\">Testin\u0117 u\u017eduotis \u010dia<\/span>\n\t\t\t\t\t<\/span>\n\t\t\t\t\t<\/a>\n\t\t\t\t<\/div>\n\t\t\t\t\t\t\t\t<\/div>\n\t\t\t\t<\/div>\n\t\t\t\t\t<\/div>\n\t\t\t\t<\/div>\n\t\t\t\t<\/div>","protected":false},"excerpt":{"rendered":"<p>Darbas ababoj skamba \u012fdomiai? \u010cia daugiau info, kaip jis atrodo: Darbas ababa.tech \u012fmon\u0117je yra 99% nuotolinis. Mes karts nuo karto susitinkame Kaune ar Vilniuje pa\u0161vesti, ka\u017ek\u0105 paveikti, bet i\u0161 principo visi dirba nuotoliu. Darbo valandos i\u0161 ties\u0173 yra lanks\u010dios. Niekas ne\u017ei\u016bri kada prad\u0117jai dirbti ir kada baigi darb\u0105. Kai kurie i\u0161 m\u016bs\u0173 pradeda 6:30 ir [&hellip;]<\/p>\n","protected":false},"author":1,"featured_media":0,"parent":148,"menu_order":0,"comment_status":"closed","ping_status":"closed","template":"","meta":{"_acf_changed":false,"footnotes":""},"class_list":["post-156","page","type-page","status-publish","hentry"],"acf":[],"yoast_head":"<!-- This site is optimized with the Yoast SEO plugin v27.5 - https:\/\/yoast.com\/product\/yoast-seo-wordpress\/ -->\n<title>Karjera - ababa.tech<\/title>\n<meta name=\"robots\" content=\"index, follow, max-snippet:-1, max-image-preview:large, max-video-preview:-1\" \/>\n<link rel=\"canonical\" href=\"https:\/\/ababa.tech\/en\/apie-mus\/karjera\/\" \/>\n<meta property=\"og:locale\" content=\"en_GB\" \/>\n<meta property=\"og:type\" content=\"article\" \/>\n<meta property=\"og:title\" content=\"Karjera - ababa.tech\" \/>\n<meta property=\"og:description\" content=\"Darbas ababoj skamba \u012fdomiai? \u010cia daugiau info, kaip jis atrodo: Darbas ababa.tech \u012fmon\u0117je yra 99% nuotolinis. Mes karts nuo karto susitinkame Kaune ar Vilniuje pa\u0161vesti, ka\u017ek\u0105 paveikti, bet i\u0161 principo visi dirba nuotoliu. Darbo valandos i\u0161 ties\u0173 yra lanks\u010dios. Niekas ne\u017ei\u016bri kada prad\u0117jai dirbti ir kada baigi darb\u0105. Kai kurie i\u0161 m\u016bs\u0173 pradeda 6:30 ir [&hellip;]\" \/>\n<meta property=\"og:url\" content=\"https:\/\/ababa.tech\/en\/apie-mus\/karjera\/\" \/>\n<meta property=\"og:site_name\" content=\"ababa.tech\" \/>\n<meta property=\"article:publisher\" content=\"https:\/\/www.facebook.com\/ababa.tech\" \/>\n<meta property=\"article:modified_time\" content=\"2023-06-26T16:15:31+00:00\" \/>\n<meta name=\"twitter:card\" content=\"summary_large_image\" \/>\n<meta name=\"twitter:label1\" content=\"Estimated reading time\" \/>\n\t<meta name=\"twitter:data1\" content=\"3 minutes\" \/>\n<script type=\"application\/ld+json\" class=\"yoast-schema-graph\">{\"@context\":\"https:\\\/\\\/schema.org\",\"@graph\":[{\"@type\":\"WebPage\",\"@id\":\"https:\\\/\\\/ababa.tech\\\/apie-mus\\\/karjera\\\/\",\"url\":\"https:\\\/\\\/ababa.tech\\\/apie-mus\\\/karjera\\\/\",\"name\":\"Karjera - ababa.tech\",\"isPartOf\":{\"@id\":\"https:\\\/\\\/ababa.tech\\\/#website\"},\"datePublished\":\"2022-10-05T17:26:33+00:00\",\"dateModified\":\"2023-06-26T16:15:31+00:00\",\"breadcrumb\":{\"@id\":\"https:\\\/\\\/ababa.tech\\\/apie-mus\\\/karjera\\\/#breadcrumb\"},\"inLanguage\":\"en-GB\",\"potentialAction\":[{\"@type\":\"ReadAction\",\"target\":[\"https:\\\/\\\/ababa.tech\\\/apie-mus\\\/karjera\\\/\"]}]},{\"@type\":\"BreadcrumbList\",\"@id\":\"https:\\\/\\\/ababa.tech\\\/apie-mus\\\/karjera\\\/#breadcrumb\",\"itemListElement\":[{\"@type\":\"ListItem\",\"position\":1,\"name\":\"Pradinis\",\"item\":\"https:\\\/\\\/ababa.tech\\\/\"},{\"@type\":\"ListItem\",\"position\":2,\"name\":\"Apie mus\",\"item\":\"https:\\\/\\\/ababa.tech\\\/apie-mus\\\/\"},{\"@type\":\"ListItem\",\"position\":3,\"name\":\"Karjera\"}]},{\"@type\":\"WebSite\",\"@id\":\"https:\\\/\\\/ababa.tech\\\/#website\",\"url\":\"https:\\\/\\\/ababa.tech\\\/\",\"name\":\"ababa.tech\",\"description\":\"Greitojo kodo kompanija\",\"publisher\":{\"@id\":\"https:\\\/\\\/ababa.tech\\\/#organization\"},\"potentialAction\":[{\"@type\":\"SearchAction\",\"target\":{\"@type\":\"EntryPoint\",\"urlTemplate\":\"https:\\\/\\\/ababa.tech\\\/?s={search_term_string}\"},\"query-input\":{\"@type\":\"PropertyValueSpecification\",\"valueRequired\":true,\"valueName\":\"search_term_string\"}}],\"inLanguage\":\"en-GB\"},{\"@type\":\"Organization\",\"@id\":\"https:\\\/\\\/ababa.tech\\\/#organization\",\"name\":\"ababa.tech\",\"url\":\"https:\\\/\\\/ababa.tech\\\/\",\"logo\":{\"@type\":\"ImageObject\",\"inLanguage\":\"en-GB\",\"@id\":\"https:\\\/\\\/ababa.tech\\\/#\\\/schema\\\/logo\\\/image\\\/\",\"url\":\"https:\\\/\\\/ababa.tech\\\/wp-content\\\/uploads\\\/2022\\\/09\\\/ABABATECH-sviesiam-fonui.png\",\"contentUrl\":\"https:\\\/\\\/ababa.tech\\\/wp-content\\\/uploads\\\/2022\\\/09\\\/ABABATECH-sviesiam-fonui.png\",\"width\":666,\"height\":128,\"caption\":\"ababa.tech\"},\"image\":{\"@id\":\"https:\\\/\\\/ababa.tech\\\/#\\\/schema\\\/logo\\\/image\\\/\"},\"sameAs\":[\"https:\\\/\\\/www.facebook.com\\\/ababa.tech\"]}]}<\/script>\n<!-- \/ Yoast SEO plugin. -->","yoast_head_json":{"title":"Karjera - ababa.tech","robots":{"index":"index","follow":"follow","max-snippet":"max-snippet:-1","max-image-preview":"max-image-preview:large","max-video-preview":"max-video-preview:-1"},"canonical":"https:\/\/ababa.tech\/en\/apie-mus\/karjera\/","og_locale":"en_GB","og_type":"article","og_title":"Karjera - ababa.tech","og_description":"Darbas ababoj skamba \u012fdomiai? \u010cia daugiau info, kaip jis atrodo: Darbas ababa.tech \u012fmon\u0117je yra 99% nuotolinis. Mes karts nuo karto susitinkame Kaune ar Vilniuje pa\u0161vesti, ka\u017ek\u0105 paveikti, bet i\u0161 principo visi dirba nuotoliu. Darbo valandos i\u0161 ties\u0173 yra lanks\u010dios. Niekas ne\u017ei\u016bri kada prad\u0117jai dirbti ir kada baigi darb\u0105. Kai kurie i\u0161 m\u016bs\u0173 pradeda 6:30 ir [&hellip;]","og_url":"https:\/\/ababa.tech\/en\/apie-mus\/karjera\/","og_site_name":"ababa.tech","article_publisher":"https:\/\/www.facebook.com\/ababa.tech","article_modified_time":"2023-06-26T16:15:31+00:00","twitter_card":"summary_large_image","twitter_misc":{"Estimated reading time":"3 minutes"},"schema":{"@context":"https:\/\/schema.org","@graph":[{"@type":"WebPage","@id":"https:\/\/ababa.tech\/apie-mus\/karjera\/","url":"https:\/\/ababa.tech\/apie-mus\/karjera\/","name":"Karjera - ababa.tech","isPartOf":{"@id":"https:\/\/ababa.tech\/#website"},"datePublished":"2022-10-05T17:26:33+00:00","dateModified":"2023-06-26T16:15:31+00:00","breadcrumb":{"@id":"https:\/\/ababa.tech\/apie-mus\/karjera\/#breadcrumb"},"inLanguage":"en-GB","potentialAction":[{"@type":"ReadAction","target":["https:\/\/ababa.tech\/apie-mus\/karjera\/"]}]},{"@type":"BreadcrumbList","@id":"https:\/\/ababa.tech\/apie-mus\/karjera\/#breadcrumb","itemListElement":[{"@type":"ListItem","position":1,"name":"Pradinis","item":"https:\/\/ababa.tech\/"},{"@type":"ListItem","position":2,"name":"Apie mus","item":"https:\/\/ababa.tech\/apie-mus\/"},{"@type":"ListItem","position":3,"name":"Karjera"}]},{"@type":"WebSite","@id":"https:\/\/ababa.tech\/#website","url":"https:\/\/ababa.tech\/","name":"ababa.tech","description":"Greitojo kodo kompanija","publisher":{"@id":"https:\/\/ababa.tech\/#organization"},"potentialAction":[{"@type":"SearchAction","target":{"@type":"EntryPoint","urlTemplate":"https:\/\/ababa.tech\/?s={search_term_string}"},"query-input":{"@type":"PropertyValueSpecification","valueRequired":true,"valueName":"search_term_string"}}],"inLanguage":"en-GB"},{"@type":"Organization","@id":"https:\/\/ababa.tech\/#organization","name":"ababa.tech","url":"https:\/\/ababa.tech\/","logo":{"@type":"ImageObject","inLanguage":"en-GB","@id":"https:\/\/ababa.tech\/#\/schema\/logo\/image\/","url":"https:\/\/ababa.tech\/wp-content\/uploads\/2022\/09\/ABABATECH-sviesiam-fonui.png","contentUrl":"https:\/\/ababa.tech\/wp-content\/uploads\/2022\/09\/ABABATECH-sviesiam-fonui.png","width":666,"height":128,"caption":"ababa.tech"},"image":{"@id":"https:\/\/ababa.tech\/#\/schema\/logo\/image\/"},"sameAs":["https:\/\/www.facebook.com\/ababa.tech"]}]}},"_links":{"self":[{"href":"https:\/\/ababa.tech\/en\/wp-json\/wp\/v2\/pages\/156","targetHints":{"allow":["GET"]}}],"collection":[{"href":"https:\/\/ababa.tech\/en\/wp-json\/wp\/v2\/pages"}],"about":[{"href":"https:\/\/ababa.tech\/en\/wp-json\/wp\/v2\/types\/page"}],"author":[{"embeddable":true,"href":"https:\/\/ababa.tech\/en\/wp-json\/wp\/v2\/users\/1"}],"replies":[{"embeddable":true,"href":"https:\/\/ababa.tech\/en\/wp-json\/wp\/v2\/comments?post=156"}],"version-history":[{"count":82,"href":"https:\/\/ababa.tech\/en\/wp-json\/wp\/v2\/pages\/156\/revisions"}],"predecessor-version":[{"id":1373,"href":"https:\/\/ababa.tech\/en\/wp-json\/wp\/v2\/pages\/156\/revisions\/1373"}],"up":[{"embeddable":true,"href":"https:\/\/ababa.tech\/en\/wp-json\/wp\/v2\/pages\/148"}],"wp:attachment":[{"href":"https:\/\/ababa.tech\/en\/wp-json\/wp\/v2\/media?parent=156"}],"curies":[{"name":"wp","href":"https:\/\/api.w.org\/{rel}","templated":true}]}}