{"id":124,"date":"2022-10-05T16:38:52","date_gmt":"2022-10-05T16:38:52","guid":{"rendered":"https:\/\/ababa.tech\/topic\/?page_id=124"},"modified":"2023-12-13T08:46:43","modified_gmt":"2023-12-13T08:46:43","slug":"susisiekite","status":"publish","type":"page","link":"https:\/\/ababa.tech\/en\/susisiekite\/","title":{"rendered":"Contact us"},"content":{"rendered":"\t\t<div data-elementor-type=\"wp-page\" data-elementor-id=\"124\" class=\"elementor elementor-124\" data-elementor-post-type=\"page\">\n\t\t\t\t<div class=\"elementor-element elementor-element-09ef9ee e-con-full e-transform e-flex e-con e-parent\" data-id=\"09ef9ee\" data-element_type=\"container\" data-e-type=\"container\" data-settings=\"{&quot;background_background&quot;:&quot;classic&quot;,&quot;_transform_translateX_effect&quot;:{&quot;unit&quot;:&quot;px&quot;,&quot;size&quot;:&quot;&quot;,&quot;sizes&quot;:[]},&quot;_transform_translateX_effect_tablet&quot;:{&quot;unit&quot;:&quot;px&quot;,&quot;size&quot;:&quot;&quot;,&quot;sizes&quot;:[]},&quot;_transform_translateX_effect_mobile&quot;:{&quot;unit&quot;:&quot;px&quot;,&quot;size&quot;:&quot;&quot;,&quot;sizes&quot;:[]},&quot;_transform_translateY_effect&quot;:{&quot;unit&quot;:&quot;px&quot;,&quot;size&quot;:&quot;&quot;,&quot;sizes&quot;:[]},&quot;_transform_translateY_effect_tablet&quot;:{&quot;unit&quot;:&quot;px&quot;,&quot;size&quot;:&quot;&quot;,&quot;sizes&quot;:[]},&quot;_transform_translateY_effect_mobile&quot;:{&quot;unit&quot;:&quot;px&quot;,&quot;size&quot;:&quot;&quot;,&quot;sizes&quot;:[]}}\">\n\t\t\t\t<div class=\"elementor-element elementor-element-f463d79 elementor-widget elementor-widget-image\" data-id=\"f463d79\" data-element_type=\"widget\" data-e-type=\"widget\" data-widget_type=\"image.default\">\n\t\t\t\t<div class=\"elementor-widget-container\">\n\t\t\t\t\t\t\t\t\t\t\t\t\t\t\t<img fetchpriority=\"high\" decoding=\"async\" width=\"1920\" height=\"211\" src=\"https:\/\/ababa.tech\/wp-content\/uploads\/2023\/07\/Group-3000.png\" class=\"attachment-full size-full wp-image-1465\" alt=\"\" srcset=\"https:\/\/ababa.tech\/wp-content\/uploads\/2023\/07\/Group-3000.png 1920w, https:\/\/ababa.tech\/wp-content\/uploads\/2023\/07\/Group-3000-300x33.png 300w, https:\/\/ababa.tech\/wp-content\/uploads\/2023\/07\/Group-3000-1024x113.png 1024w, https:\/\/ababa.tech\/wp-content\/uploads\/2023\/07\/Group-3000-768x84.png 768w, https:\/\/ababa.tech\/wp-content\/uploads\/2023\/07\/Group-3000-1536x169.png 1536w, https:\/\/ababa.tech\/wp-content\/uploads\/2023\/07\/Group-3000-18x2.png 18w\" sizes=\"(max-width: 1920px) 100vw, 1920px\" \/>\t\t\t\t\t\t\t\t\t\t\t\t\t\t\t<\/div>\n\t\t\t\t<\/div>\n\t\t\t\t<div class=\"elementor-element elementor-element-20f8008 elementor-absolute elementor-widget elementor-widget-image\" data-id=\"20f8008\" data-element_type=\"widget\" data-e-type=\"widget\" data-settings=\"{&quot;_position&quot;:&quot;absolute&quot;}\" data-widget_type=\"image.default\">\n\t\t\t\t<div class=\"elementor-widget-container\">\n\t\t\t\t\t\t\t\t\t\t\t\t\t\t\t<img decoding=\"async\" width=\"349\" height=\"529\" src=\"https:\/\/ababa.tech\/wp-content\/uploads\/2023\/07\/Group-3010.png\" class=\"attachment-full size-full wp-image-1466\" alt=\"\" srcset=\"https:\/\/ababa.tech\/wp-content\/uploads\/2023\/07\/Group-3010.png 349w, https:\/\/ababa.tech\/wp-content\/uploads\/2023\/07\/Group-3010-198x300.png 198w, https:\/\/ababa.tech\/wp-content\/uploads\/2023\/07\/Group-3010-8x12.png 8w\" sizes=\"(max-width: 349px) 100vw, 349px\" \/>\t\t\t\t\t\t\t\t\t\t\t\t\t\t\t<\/div>\n\t\t\t\t<\/div>\n\t\t\t\t<\/div>\n\t\t<div class=\"elementor-element elementor-element-18eba07 e-con-full e-flex e-con e-parent\" data-id=\"18eba07\" data-element_type=\"container\" data-e-type=\"container\" data-settings=\"{&quot;background_background&quot;:&quot;classic&quot;}\">\n\t\t\t\t<div class=\"elementor-element elementor-element-22f48df elementor-absolute elementor-widget elementor-widget-image\" data-id=\"22f48df\" data-element_type=\"widget\" data-e-type=\"widget\" data-settings=\"{&quot;_position&quot;:&quot;absolute&quot;}\" data-widget_type=\"image.default\">\n\t\t\t\t<div class=\"elementor-widget-container\">\n\t\t\t\t\t\t\t\t\t\t\t\t\t\t\t<img decoding=\"async\" width=\"337\" height=\"672\" src=\"https:\/\/ababa.tech\/wp-content\/uploads\/2023\/07\/Group-3010-1.png\" class=\"attachment-full size-full wp-image-1469\" alt=\"\" srcset=\"https:\/\/ababa.tech\/wp-content\/uploads\/2023\/07\/Group-3010-1.png 337w, https:\/\/ababa.tech\/wp-content\/uploads\/2023\/07\/Group-3010-1-150x300.png 150w, https:\/\/ababa.tech\/wp-content\/uploads\/2023\/07\/Group-3010-1-6x12.png 6w\" sizes=\"(max-width: 337px) 100vw, 337px\" \/>\t\t\t\t\t\t\t\t\t\t\t\t\t\t\t<\/div>\n\t\t\t\t<\/div>\n\t\t<div class=\"elementor-element elementor-element-62c42a8 e-con-full e-flex e-con e-child\" data-id=\"62c42a8\" data-element_type=\"container\" data-e-type=\"container\">\n\t\t\t\t<div class=\"elementor-element elementor-element-e1f2bb7 elementor-widget elementor-widget-heading\" data-id=\"e1f2bb7\" data-element_type=\"widget\" data-e-type=\"widget\" data-widget_type=\"heading.default\">\n\t\t\t\t<div class=\"elementor-widget-container\">\n\t\t\t\t\t<h2 class=\"elementor-heading-title elementor-size-default\">Pasikalbam? \u260e\ufe0f<\/h2>\t\t\t\t<\/div>\n\t\t\t\t<\/div>\n\t\t\t\t<div class=\"elementor-element elementor-element-aeb463a elementor-widget elementor-widget-heading\" data-id=\"aeb463a\" data-element_type=\"widget\" data-e-type=\"widget\" data-widget_type=\"heading.default\">\n\t\t\t\t<div class=\"elementor-widget-container\">\n\t\t\t\t\t<h2 class=\"elementor-heading-title elementor-size-default\"><a href=\"tel:+370 636 80533\">+370 636 80533<\/a><\/h2>\t\t\t\t<\/div>\n\t\t\t\t<\/div>\n\t\t\t\t<div class=\"elementor-element elementor-element-cbe5b23 elementor-widget elementor-widget-heading\" data-id=\"cbe5b23\" data-element_type=\"widget\" data-e-type=\"widget\" data-widget_type=\"heading.default\">\n\t\t\t\t<div class=\"elementor-widget-container\">\n\t\t\t\t\t<h2 class=\"elementor-heading-title elementor-size-default\"><a href=\"mailto:tomas@ababa.tech\">tomas@ababa.tech<\/a><\/h2>\t\t\t\t<\/div>\n\t\t\t\t<\/div>\n\t\t<div class=\"elementor-element elementor-element-87a63f5 e-flex e-con-boxed e-con e-child\" data-id=\"87a63f5\" data-element_type=\"container\" data-e-type=\"container\">\n\t\t\t\t\t<div class=\"e-con-inner\">\n\t\t\t\t<div class=\"elementor-element elementor-element-d636718 elementor-widget__width-auto elementor-widget elementor-widget-heading\" data-id=\"d636718\" data-element_type=\"widget\" data-e-type=\"widget\" data-widget_type=\"heading.default\">\n\t\t\t\t<div class=\"elementor-widget-container\">\n\t\t\t\t\t<h2 class=\"elementor-heading-title elementor-size-default\">\u012emon\u0117s kodas 304688903<br>\nPVM mok\u0117tojo kodas LT100014865318<\/h2>\t\t\t\t<\/div>\n\t\t\t\t<\/div>\n\t\t\t\t<div class=\"elementor-element elementor-element-d6ea6d3 elementor-widget__width-auto elementor-widget elementor-widget-heading\" data-id=\"d6ea6d3\" data-element_type=\"widget\" data-e-type=\"widget\" data-widget_type=\"heading.default\">\n\t\t\t\t<div class=\"elementor-widget-container\">\n\t\t\t\t\t<h2 class=\"elementor-heading-title elementor-size-default\">Atsiskaitomoji s\u0105skaita<br>\nLT257300010153443906<\/h2>\t\t\t\t<\/div>\n\t\t\t\t<\/div>\n\t\t\t\t<div class=\"elementor-element elementor-element-308e9b4 elementor-widget elementor-widget-heading\" data-id=\"308e9b4\" data-element_type=\"widget\" data-e-type=\"widget\" data-widget_type=\"heading.default\">\n\t\t\t\t<div class=\"elementor-widget-container\">\n\t\t\t\t\t<h2 class=\"elementor-heading-title elementor-size-default\">Taikos pr. 48-37, LT-50235 Kaunas<\/h2>\t\t\t\t<\/div>\n\t\t\t\t<\/div>\n\t\t\t\t\t<\/div>\n\t\t\t\t<\/div>\n\t\t\t\t<div class=\"elementor-element elementor-element-bbfc565 elementor-widget elementor-widget-image\" data-id=\"bbfc565\" data-element_type=\"widget\" data-e-type=\"widget\" data-widget_type=\"image.default\">\n\t\t\t\t<div class=\"elementor-widget-container\">\n\t\t\t\t\t\t\t\t\t\t\t\t\t\t\t<img loading=\"lazy\" decoding=\"async\" width=\"282\" height=\"101\" src=\"https:\/\/ababa.tech\/wp-content\/uploads\/2023\/07\/Group-2963.png\" class=\"attachment-full size-full wp-image-1467\" alt=\"\" srcset=\"https:\/\/ababa.tech\/wp-content\/uploads\/2023\/07\/Group-2963.png 282w, https:\/\/ababa.tech\/wp-content\/uploads\/2023\/07\/Group-2963-18x6.png 18w\" sizes=\"(max-width: 282px) 100vw, 282px\" \/>\t\t\t\t\t\t\t\t\t\t\t\t\t\t\t<\/div>\n\t\t\t\t<\/div>\n\t\t\t\t<\/div>\n\t\t<div class=\"elementor-element elementor-element-dc7b0ae e-con-full e-flex e-con e-child\" data-id=\"dc7b0ae\" data-element_type=\"container\" data-e-type=\"container\">\n\t\t\t\t<div class=\"elementor-element elementor-element-915155c elementor-widget elementor-widget-heading\" data-id=\"915155c\" data-element_type=\"widget\" data-e-type=\"widget\" data-widget_type=\"heading.default\">\n\t\t\t\t<div class=\"elementor-widget-container\">\n\t\t\t\t\t<h2 class=\"elementor-heading-title elementor-size-default\">Para\u0161ykite mums? \u2709\ufe0f<\/h2>\t\t\t\t<\/div>\n\t\t\t\t<\/div>\n\t\t\t\t<div class=\"elementor-element elementor-element-2f5ca8c elementor-button-align-stretch elementor-widget elementor-widget-form\" data-id=\"2f5ca8c\" data-element_type=\"widget\" data-e-type=\"widget\" data-settings=\"{&quot;button_width&quot;:&quot;100&quot;,&quot;step_type&quot;:&quot;number_text&quot;,&quot;step_icon_shape&quot;:&quot;circle&quot;}\" data-widget_type=\"form.default\">\n\t\t\t\t<div class=\"elementor-widget-container\">\n\t\t\t\t\t\t\t<form class=\"elementor-form\" method=\"post\" name=\"U\u017eklausos forma\">\n\t\t\t<input type=\"hidden\" name=\"post_id\" value=\"124\"\/>\n\t\t\t<input type=\"hidden\" name=\"form_id\" value=\"2f5ca8c\"\/>\n\t\t\t<input type=\"hidden\" name=\"referer_title\" value=\"ababa.tech\" \/>\n\n\t\t\t\n\t\t\t<div class=\"elementor-form-fields-wrapper elementor-labels-\">\n\t\t\t\t\t\t\t\t<div class=\"elementor-field-type-text elementor-field-group elementor-column elementor-field-group-name elementor-col-100 elementor-field-required\">\n\t\t\t\t\t\t\t\t\t\t\t\t<label for=\"form-field-name\" class=\"elementor-field-label elementor-screen-only\">\n\t\t\t\t\t\t\t\tVardas\t\t\t\t\t\t\t<\/label>\n\t\t\t\t\t\t\t\t\t\t\t\t\t\t<input size=\"1\" type=\"text\" name=\"form_fields[name]\" id=\"form-field-name\" class=\"elementor-field elementor-size-md  elementor-field-textual\" placeholder=\"Vardas\" required=\"required\">\n\t\t\t\t\t\t\t\t\t\t\t<\/div>\n\t\t\t\t\t\t\t\t<div class=\"elementor-field-type-email elementor-field-group elementor-column elementor-field-group-email elementor-col-100 elementor-field-required\">\n\t\t\t\t\t\t\t\t\t\t\t\t<label for=\"form-field-email\" class=\"elementor-field-label elementor-screen-only\">\n\t\t\t\t\t\t\t\tEmail'as\t\t\t\t\t\t\t<\/label>\n\t\t\t\t\t\t\t\t\t\t\t\t\t\t<input size=\"1\" type=\"email\" name=\"form_fields[email]\" id=\"form-field-email\" class=\"elementor-field elementor-size-md  elementor-field-textual\" placeholder=\"Email&#039;as\" required=\"required\">\n\t\t\t\t\t\t\t\t\t\t\t<\/div>\n\t\t\t\t\t\t\t\t<div class=\"elementor-field-type-text elementor-field-group elementor-column elementor-field-group-field_0fb1f94 elementor-col-100 elementor-field-required\">\n\t\t\t\t\t\t\t\t\t\t\t\t<label for=\"form-field-field_0fb1f94\" class=\"elementor-field-label elementor-screen-only\">\n\t\t\t\t\t\t\t\tTelefono numeris\t\t\t\t\t\t\t<\/label>\n\t\t\t\t\t\t\t\t\t\t\t\t\t\t<input size=\"1\" type=\"text\" name=\"form_fields[field_0fb1f94]\" id=\"form-field-field_0fb1f94\" class=\"elementor-field elementor-size-md  elementor-field-textual\" placeholder=\"Telefono numeris\" required=\"required\">\n\t\t\t\t\t\t\t\t\t\t\t<\/div>\n\t\t\t\t\t\t\t\t<div class=\"elementor-field-type-textarea elementor-field-group elementor-column elementor-field-group-message elementor-col-100\">\n\t\t\t\t\t\t\t\t\t\t\t\t<label for=\"form-field-message\" class=\"elementor-field-label elementor-screen-only\">\n\t\t\t\t\t\t\t\t\u017dinut\u0117\t\t\t\t\t\t\t<\/label>\n\t\t\t\t\t\t<textarea class=\"elementor-field-textual elementor-field  elementor-size-md\" name=\"form_fields[message]\" id=\"form-field-message\" rows=\"4\" placeholder=\"\u010cia galite para\u0161yti, kas domina keliais sakiniais. A\u010di\u016b!\"><\/textarea>\t\t\t\t<\/div>\n\t\t\t\t\t\t\t\t<div class=\"elementor-field-type-recaptcha_v3 elementor-field-group elementor-column elementor-field-group-field_2d9f4a5 elementor-col-100 recaptcha_v3-bottomright\">\n\t\t\t\t\t<div class=\"elementor-field\" id=\"form-field-field_2d9f4a5\"><div class=\"elementor-g-recaptcha\" data-sitekey=\"6LfGnz4jAAAAAHdTEt2uZVPv4pL6l84WXAX43ubA\" data-type=\"v3\" data-action=\"Form\" data-badge=\"bottomright\" data-size=\"invisible\"><\/div><\/div>\t\t\t\t<\/div>\n\t\t\t\t\t\t\t\t<div class=\"elementor-field-group elementor-column elementor-field-type-submit elementor-col-100 e-form__buttons\">\n\t\t\t\t\t<button class=\"elementor-button elementor-size-md\" type=\"submit\">\n\t\t\t\t\t\t<span class=\"elementor-button-content-wrapper\">\n\t\t\t\t\t\t\t\t\t\t\t\t\t\t\t\t\t\t\t\t\t\t<span class=\"elementor-button-text\">Si\u0173sti u\u017eklaus\u0105<\/span>\n\t\t\t\t\t\t\t\t\t\t\t\t\t<\/span>\n\t\t\t\t\t<\/button>\n\t\t\t\t<\/div>\n\t\t\t<\/div>\n\t\t<\/form>\n\t\t\t\t\t\t<\/div>\n\t\t\t\t<\/div>\n\t\t\t\t<\/div>\n\t\t\t\t<\/div>\n\t\t\t\t<\/div>\n\t\t","protected":false},"excerpt":{"rendered":"<p>Pasikalbam? \u260e\ufe0f +370 636 80533 tomas@ababa.tech \u012emon\u0117s kodas 304688903 PVM mok\u0117tojo kodas LT100014865318 Atsiskaitomoji s\u0105skaita LT257300010153443906 Taikos pr. 48-37, LT-50235 Kaunas Para\u0161ykite mums? \u2709\ufe0f<\/p>","protected":false},"author":1,"featured_media":0,"parent":0,"menu_order":0,"comment_status":"closed","ping_status":"closed","template":"","meta":{"_acf_changed":false,"footnotes":""},"class_list":["post-124","page","type-page","status-publish","hentry"],"acf":[],"yoast_head":"<!-- This site is optimized with the Yoast SEO plugin v27.4 - https:\/\/yoast.com\/product\/yoast-seo-wordpress\/ -->\n<title>Susisiekite su mumis - ababa.tech<\/title>\n<meta name=\"robots\" content=\"index, follow, max-snippet:-1, max-image-preview:large, max-video-preview:-1\" \/>\n<link rel=\"canonical\" href=\"https:\/\/ababa.tech\/en\/susisiekite\/\" \/>\n<meta property=\"og:locale\" content=\"en_GB\" \/>\n<meta property=\"og:type\" content=\"article\" \/>\n<meta property=\"og:title\" content=\"Susisiekite su mumis - ababa.tech\" \/>\n<meta property=\"og:description\" content=\"Pasikalbam? \u260e\ufe0f +370 636 80533 tomas@ababa.tech \u012emon\u0117s kodas 304688903 PVM mok\u0117tojo kodas LT100014865318 Atsiskaitomoji s\u0105skaita LT257300010153443906 Taikos pr. 48-37, LT-50235 Kaunas Para\u0161ykite mums? \u2709\ufe0f\" \/>\n<meta property=\"og:url\" content=\"https:\/\/ababa.tech\/en\/susisiekite\/\" \/>\n<meta property=\"og:site_name\" content=\"ababa.tech\" \/>\n<meta property=\"article:publisher\" content=\"https:\/\/www.facebook.com\/ababa.tech\" \/>\n<meta property=\"article:modified_time\" content=\"2023-12-13T08:46:43+00:00\" \/>\n<meta property=\"og:image\" content=\"https:\/\/ababa.tech\/wp-content\/uploads\/2023\/07\/Group-3000.png\" \/>\n<meta name=\"twitter:card\" content=\"summary_large_image\" \/>\n<meta name=\"twitter:label1\" content=\"Estimated reading time\" \/>\n\t<meta name=\"twitter:data1\" content=\"1 minute\" \/>\n<script type=\"application\/ld+json\" class=\"yoast-schema-graph\">{\"@context\":\"https:\\\/\\\/schema.org\",\"@graph\":[{\"@type\":\"WebPage\",\"@id\":\"https:\\\/\\\/ababa.tech\\\/susisiekite\\\/\",\"url\":\"https:\\\/\\\/ababa.tech\\\/susisiekite\\\/\",\"name\":\"Susisiekite su mumis - ababa.tech\",\"isPartOf\":{\"@id\":\"https:\\\/\\\/ababa.tech\\\/#website\"},\"primaryImageOfPage\":{\"@id\":\"https:\\\/\\\/ababa.tech\\\/susisiekite\\\/#primaryimage\"},\"image\":{\"@id\":\"https:\\\/\\\/ababa.tech\\\/susisiekite\\\/#primaryimage\"},\"thumbnailUrl\":\"https:\\\/\\\/ababa.tech\\\/wp-content\\\/uploads\\\/2023\\\/07\\\/Group-3000.png\",\"datePublished\":\"2022-10-05T16:38:52+00:00\",\"dateModified\":\"2023-12-13T08:46:43+00:00\",\"breadcrumb\":{\"@id\":\"https:\\\/\\\/ababa.tech\\\/susisiekite\\\/#breadcrumb\"},\"inLanguage\":\"en-GB\",\"potentialAction\":[{\"@type\":\"ReadAction\",\"target\":[\"https:\\\/\\\/ababa.tech\\\/susisiekite\\\/\"]}]},{\"@type\":\"ImageObject\",\"inLanguage\":\"en-GB\",\"@id\":\"https:\\\/\\\/ababa.tech\\\/susisiekite\\\/#primaryimage\",\"url\":\"https:\\\/\\\/ababa.tech\\\/wp-content\\\/uploads\\\/2023\\\/07\\\/Group-3000.png\",\"contentUrl\":\"https:\\\/\\\/ababa.tech\\\/wp-content\\\/uploads\\\/2023\\\/07\\\/Group-3000.png\"},{\"@type\":\"BreadcrumbList\",\"@id\":\"https:\\\/\\\/ababa.tech\\\/susisiekite\\\/#breadcrumb\",\"itemListElement\":[{\"@type\":\"ListItem\",\"position\":1,\"name\":\"Pradinis\",\"item\":\"https:\\\/\\\/ababa.tech\\\/\"},{\"@type\":\"ListItem\",\"position\":2,\"name\":\"Susisiekite su mumis\"}]},{\"@type\":\"WebSite\",\"@id\":\"https:\\\/\\\/ababa.tech\\\/#website\",\"url\":\"https:\\\/\\\/ababa.tech\\\/\",\"name\":\"ababa.tech\",\"description\":\"Greitojo kodo kompanija\",\"publisher\":{\"@id\":\"https:\\\/\\\/ababa.tech\\\/#organization\"},\"potentialAction\":[{\"@type\":\"SearchAction\",\"target\":{\"@type\":\"EntryPoint\",\"urlTemplate\":\"https:\\\/\\\/ababa.tech\\\/?s={search_term_string}\"},\"query-input\":{\"@type\":\"PropertyValueSpecification\",\"valueRequired\":true,\"valueName\":\"search_term_string\"}}],\"inLanguage\":\"en-GB\"},{\"@type\":\"Organization\",\"@id\":\"https:\\\/\\\/ababa.tech\\\/#organization\",\"name\":\"ababa.tech\",\"url\":\"https:\\\/\\\/ababa.tech\\\/\",\"logo\":{\"@type\":\"ImageObject\",\"inLanguage\":\"en-GB\",\"@id\":\"https:\\\/\\\/ababa.tech\\\/#\\\/schema\\\/logo\\\/image\\\/\",\"url\":\"https:\\\/\\\/ababa.tech\\\/wp-content\\\/uploads\\\/2022\\\/09\\\/ABABATECH-sviesiam-fonui.png\",\"contentUrl\":\"https:\\\/\\\/ababa.tech\\\/wp-content\\\/uploads\\\/2022\\\/09\\\/ABABATECH-sviesiam-fonui.png\",\"width\":666,\"height\":128,\"caption\":\"ababa.tech\"},\"image\":{\"@id\":\"https:\\\/\\\/ababa.tech\\\/#\\\/schema\\\/logo\\\/image\\\/\"},\"sameAs\":[\"https:\\\/\\\/www.facebook.com\\\/ababa.tech\"]}]}<\/script>\n<!-- \/ Yoast SEO plugin. -->","yoast_head_json":{"title":"Susisiekite su mumis - ababa.tech","robots":{"index":"index","follow":"follow","max-snippet":"max-snippet:-1","max-image-preview":"max-image-preview:large","max-video-preview":"max-video-preview:-1"},"canonical":"https:\/\/ababa.tech\/en\/susisiekite\/","og_locale":"en_GB","og_type":"article","og_title":"Susisiekite su mumis - ababa.tech","og_description":"Pasikalbam? \u260e\ufe0f +370 636 80533 tomas@ababa.tech \u012emon\u0117s kodas 304688903 PVM mok\u0117tojo kodas LT100014865318 Atsiskaitomoji s\u0105skaita LT257300010153443906 Taikos pr. 48-37, LT-50235 Kaunas Para\u0161ykite mums? \u2709\ufe0f","og_url":"https:\/\/ababa.tech\/en\/susisiekite\/","og_site_name":"ababa.tech","article_publisher":"https:\/\/www.facebook.com\/ababa.tech","article_modified_time":"2023-12-13T08:46:43+00:00","og_image":[{"url":"https:\/\/ababa.tech\/wp-content\/uploads\/2023\/07\/Group-3000.png","type":"","width":"","height":""}],"twitter_card":"summary_large_image","twitter_misc":{"Estimated reading time":"1 minute"},"schema":{"@context":"https:\/\/schema.org","@graph":[{"@type":"WebPage","@id":"https:\/\/ababa.tech\/susisiekite\/","url":"https:\/\/ababa.tech\/susisiekite\/","name":"Susisiekite su mumis - ababa.tech","isPartOf":{"@id":"https:\/\/ababa.tech\/#website"},"primaryImageOfPage":{"@id":"https:\/\/ababa.tech\/susisiekite\/#primaryimage"},"image":{"@id":"https:\/\/ababa.tech\/susisiekite\/#primaryimage"},"thumbnailUrl":"https:\/\/ababa.tech\/wp-content\/uploads\/2023\/07\/Group-3000.png","datePublished":"2022-10-05T16:38:52+00:00","dateModified":"2023-12-13T08:46:43+00:00","breadcrumb":{"@id":"https:\/\/ababa.tech\/susisiekite\/#breadcrumb"},"inLanguage":"en-GB","potentialAction":[{"@type":"ReadAction","target":["https:\/\/ababa.tech\/susisiekite\/"]}]},{"@type":"ImageObject","inLanguage":"en-GB","@id":"https:\/\/ababa.tech\/susisiekite\/#primaryimage","url":"https:\/\/ababa.tech\/wp-content\/uploads\/2023\/07\/Group-3000.png","contentUrl":"https:\/\/ababa.tech\/wp-content\/uploads\/2023\/07\/Group-3000.png"},{"@type":"BreadcrumbList","@id":"https:\/\/ababa.tech\/susisiekite\/#breadcrumb","itemListElement":[{"@type":"ListItem","position":1,"name":"Pradinis","item":"https:\/\/ababa.tech\/"},{"@type":"ListItem","position":2,"name":"Susisiekite su mumis"}]},{"@type":"WebSite","@id":"https:\/\/ababa.tech\/#website","url":"https:\/\/ababa.tech\/","name":"ababa.tech","description":"Greitojo kodo kompanija","publisher":{"@id":"https:\/\/ababa.tech\/#organization"},"potentialAction":[{"@type":"SearchAction","target":{"@type":"EntryPoint","urlTemplate":"https:\/\/ababa.tech\/?s={search_term_string}"},"query-input":{"@type":"PropertyValueSpecification","valueRequired":true,"valueName":"search_term_string"}}],"inLanguage":"en-GB"},{"@type":"Organization","@id":"https:\/\/ababa.tech\/#organization","name":"ababa.tech","url":"https:\/\/ababa.tech\/","logo":{"@type":"ImageObject","inLanguage":"en-GB","@id":"https:\/\/ababa.tech\/#\/schema\/logo\/image\/","url":"https:\/\/ababa.tech\/wp-content\/uploads\/2022\/09\/ABABATECH-sviesiam-fonui.png","contentUrl":"https:\/\/ababa.tech\/wp-content\/uploads\/2022\/09\/ABABATECH-sviesiam-fonui.png","width":666,"height":128,"caption":"ababa.tech"},"image":{"@id":"https:\/\/ababa.tech\/#\/schema\/logo\/image\/"},"sameAs":["https:\/\/www.facebook.com\/ababa.tech"]}]}},"_links":{"self":[{"href":"https:\/\/ababa.tech\/en\/wp-json\/wp\/v2\/pages\/124","targetHints":{"allow":["GET"]}}],"collection":[{"href":"https:\/\/ababa.tech\/en\/wp-json\/wp\/v2\/pages"}],"about":[{"href":"https:\/\/ababa.tech\/en\/wp-json\/wp\/v2\/types\/page"}],"author":[{"embeddable":true,"href":"https:\/\/ababa.tech\/en\/wp-json\/wp\/v2\/users\/1"}],"replies":[{"embeddable":true,"href":"https:\/\/ababa.tech\/en\/wp-json\/wp\/v2\/comments?post=124"}],"version-history":[{"count":59,"href":"https:\/\/ababa.tech\/en\/wp-json\/wp\/v2\/pages\/124\/revisions"}],"predecessor-version":[{"id":1577,"href":"https:\/\/ababa.tech\/en\/wp-json\/wp\/v2\/pages\/124\/revisions\/1577"}],"wp:attachment":[{"href":"https:\/\/ababa.tech\/en\/wp-json\/wp\/v2\/media?parent=124"}],"curies":[{"name":"wp","href":"https:\/\/api.w.org\/{rel}","templated":true}]}}