{"id":11,"date":"2022-09-28T08:50:00","date_gmt":"2022-09-28T08:50:00","guid":{"rendered":"https:\/\/ababa.tech\/topic\/?page_id=11"},"modified":"2022-10-12T15:41:14","modified_gmt":"2022-10-12T15:41:14","slug":"wp-home","status":"publish","type":"page","link":"https:\/\/ababa.tech\/en\/wp-home\/","title":{"rendered":"Blog"},"content":{"rendered":"<div data-elementor-type=\"wp-page\" data-elementor-id=\"11\" class=\"elementor elementor-11\" data-elementor-post-type=\"page\">\n\t\t\t\t\t\t<section class=\"elementor-section elementor-top-section elementor-element elementor-element-c58493d elementor-section-boxed elementor-section-height-default elementor-section-height-default\" data-id=\"c58493d\" data-element_type=\"section\" data-e-type=\"section\">\n\t\t\t\t\t\t<div class=\"elementor-container elementor-column-gap-default\">\n\t\t\t\t\t<div class=\"elementor-column elementor-col-100 elementor-top-column elementor-element elementor-element-4d20dae\" data-id=\"4d20dae\" data-element_type=\"column\" data-e-type=\"column\">\n\t\t\t<div class=\"elementor-widget-wrap elementor-element-populated\">\n\t\t\t\t\t\t<div class=\"elementor-element elementor-element-829b76f elementor-grid-3 elementor-grid-tablet-2 elementor-grid-mobile-1 elementor-posts--thumbnail-top elementor-widget elementor-widget-posts\" data-id=\"829b76f\" data-element_type=\"widget\" data-e-type=\"widget\" data-settings=\"{&quot;classic_columns&quot;:&quot;3&quot;,&quot;classic_columns_tablet&quot;:&quot;2&quot;,&quot;classic_columns_mobile&quot;:&quot;1&quot;,&quot;classic_row_gap&quot;:{&quot;unit&quot;:&quot;px&quot;,&quot;size&quot;:35,&quot;sizes&quot;:[]},&quot;classic_row_gap_tablet&quot;:{&quot;unit&quot;:&quot;px&quot;,&quot;size&quot;:&quot;&quot;,&quot;sizes&quot;:[]},&quot;classic_row_gap_mobile&quot;:{&quot;unit&quot;:&quot;px&quot;,&quot;size&quot;:&quot;&quot;,&quot;sizes&quot;:[]}}\" data-widget_type=\"posts.classic\">\n\t\t\t\t<div class=\"elementor-widget-container\">\n\t\t\t\t\t\t\t<div class=\"elementor-posts-container elementor-posts elementor-posts--skin-classic elementor-grid\">\n\t\t\t\t<article class=\"elementor-post elementor-grid-item post-691 post type-post status-publish format-standard has-post-thumbnail hentry category-atlikti-darbai\">\n\t\t\t\t<a class=\"elementor-post__thumbnail__link\" href=\"https:\/\/ababa.tech\/en\/atlikti-darbai\/teniso-slenis\/\" tabindex=\"-1\" >\n\t\t\t<div class=\"elementor-post__thumbnail\"><img fetchpriority=\"high\" decoding=\"async\" width=\"300\" height=\"188\" src=\"https:\/\/ababa.tech\/wp-content\/uploads\/2022\/11\/teniso-slenis-300x188.jpg\" class=\"attachment-medium size-medium wp-image-754\" alt=\"\" srcset=\"https:\/\/ababa.tech\/wp-content\/uploads\/2022\/11\/teniso-slenis-300x188.jpg 300w, https:\/\/ababa.tech\/wp-content\/uploads\/2022\/11\/teniso-slenis.jpg 600w\" sizes=\"(max-width: 300px) 100vw, 300px\" \/><\/div>\n\t\t<\/a>\n\t\t\t\t<div class=\"elementor-post__text\">\n\t\t\t\t<h3 class=\"elementor-post__title\">\n\t\t\t<a href=\"https:\/\/ababa.tech\/en\/atlikti-darbai\/teniso-slenis\/\" >\n\t\t\t\tTennis Valley - court reservation system\t\t\t<\/a>\n\t\t<\/h3>\n\t\t\t\t<div class=\"elementor-post__meta-data\">\n\t\t\t\t\t<span class=\"elementor-post-date\">\n\t\t\tNovember 8, 2022\t\t<\/span>\n\t\t\t\t<\/div>\n\t\t\t\t<div class=\"elementor-post__excerpt\">\n\t\t\t<p>Apie klient\u0105 Teniso sl\u0117nis yra kieti ir modern\u016bs, 2022 met\u0173 statybos teniso ir padelio kortai. Juos Plung\u0117je pastat\u0117 m\u016bs\u0173 klient\u0117s Medos \u0161eima, turinti savo \u0161eimos versl\u0105.<\/p>\n\t\t<\/div>\n\t\t\t\t<\/div>\n\t\t\t\t<\/article>\n\t\t\t\t<article class=\"elementor-post elementor-grid-item post-687 post type-post status-publish format-standard has-post-thumbnail hentry category-atlikti-darbai\">\n\t\t\t\t<a class=\"elementor-post__thumbnail__link\" href=\"https:\/\/ababa.tech\/en\/atlikti-darbai\/versalios\/\" tabindex=\"-1\" >\n\t\t\t<div class=\"elementor-post__thumbnail\"><img decoding=\"async\" width=\"300\" height=\"188\" src=\"https:\/\/ababa.tech\/wp-content\/uploads\/2022\/11\/versalios-on-white-2-300x188.jpg\" class=\"attachment-medium size-medium wp-image-757\" alt=\"\" srcset=\"https:\/\/ababa.tech\/wp-content\/uploads\/2022\/11\/versalios-on-white-2-300x188.jpg 300w, https:\/\/ababa.tech\/wp-content\/uploads\/2022\/11\/versalios-on-white-2.jpg 600w\" sizes=\"(max-width: 300px) 100vw, 300px\" \/><\/div>\n\t\t<\/a>\n\t\t\t\t<div class=\"elementor-post__text\">\n\t\t\t\t<h3 class=\"elementor-post__title\">\n\t\t\t<a href=\"https:\/\/ababa.tech\/en\/atlikti-darbai\/versalios\/\" >\n\t\t\t\tVersalios - Tipping System\t\t\t<\/a>\n\t\t<\/h3>\n\t\t\t\t<div class=\"elementor-post__meta-data\">\n\t\t\t\t\t<span class=\"elementor-post-date\">\n\t\t\tNovember 8, 2022\t\t<\/span>\n\t\t\t\t<\/div>\n\t\t\t\t<div class=\"elementor-post__excerpt\">\n\t\t\t<p>Versalios is an online system that allows restaurant patrons to leave tips and rate waiters online.<\/p>\n\t\t<\/div>\n\t\t\t\t<\/div>\n\t\t\t\t<\/article>\n\t\t\t\t<article class=\"elementor-post elementor-grid-item post-682 post type-post status-publish format-standard has-post-thumbnail hentry category-atlikti-darbai\">\n\t\t\t\t<a class=\"elementor-post__thumbnail__link\" href=\"https:\/\/ababa.tech\/en\/atlikti-darbai\/ababa-bar\/\" tabindex=\"-1\" >\n\t\t\t<div class=\"elementor-post__thumbnail\"><img decoding=\"async\" width=\"300\" height=\"188\" src=\"https:\/\/ababa.tech\/wp-content\/uploads\/2022\/11\/ababa.bar-on-white-300x188.jpg\" class=\"attachment-medium size-medium wp-image-758\" alt=\"\" srcset=\"https:\/\/ababa.tech\/wp-content\/uploads\/2022\/11\/ababa.bar-on-white-300x188.jpg 300w, https:\/\/ababa.tech\/wp-content\/uploads\/2022\/11\/ababa.bar-on-white.jpg 600w\" sizes=\"(max-width: 300px) 100vw, 300px\" \/><\/div>\n\t\t<\/a>\n\t\t\t\t<div class=\"elementor-post__text\">\n\t\t\t\t<h3 class=\"elementor-post__title\">\n\t\t\t<a href=\"https:\/\/ababa.tech\/en\/atlikti-darbai\/ababa-bar\/\" >\n\t\t\t\tababa.bar - contactless food ordering system\t\t\t<\/a>\n\t\t<\/h3>\n\t\t\t\t<div class=\"elementor-post__meta-data\">\n\t\t\t\t\t<span class=\"elementor-post-date\">\n\t\t\tNovember 8, 2022\t\t<\/span>\n\t\t\t\t<\/div>\n\t\t\t\t<div class=\"elementor-post__excerpt\">\n\t\t\t<p>ababa.bar is our own platform that allows bar and restaurant patrons to order food and drinks through their phones. In this article, I will describe our experience in developing this platform!<\/p>\n\t\t<\/div>\n\t\t\t\t<\/div>\n\t\t\t\t<\/article>\n\t\t\t\t<\/div>\n\t\t\n\t\t\t\t\t\t<\/div>\n\t\t\t\t<\/div>\n\t\t\t\t\t<\/div>\n\t\t<\/div>\n\t\t\t\t\t<\/div>\n\t\t<\/section>\n\t\t\t\t<\/div>","protected":false},"excerpt":{"rendered":"","protected":false},"author":1,"featured_media":0,"parent":0,"menu_order":0,"comment_status":"closed","ping_status":"closed","template":"","meta":{"_acf_changed":false,"footnotes":""},"class_list":["post-11","page","type-page","status-publish","hentry"],"acf":[],"yoast_head":"<!-- This site is optimized with the Yoast SEO plugin v27.4 - https:\/\/yoast.com\/product\/yoast-seo-wordpress\/ -->\n<title>Blog&#039;as - ababa.tech<\/title>\n<meta name=\"robots\" content=\"index, follow, max-snippet:-1, max-image-preview:large, max-video-preview:-1\" \/>\n<link rel=\"canonical\" href=\"https:\/\/ababa.tech\/en\/wp-home\/\" \/>\n<meta property=\"og:locale\" content=\"en_GB\" \/>\n<meta property=\"og:type\" content=\"article\" \/>\n<meta property=\"og:title\" content=\"Blog&#039;as - ababa.tech\" \/>\n<meta property=\"og:url\" content=\"https:\/\/ababa.tech\/en\/wp-home\/\" \/>\n<meta property=\"og:site_name\" content=\"ababa.tech\" \/>\n<meta property=\"article:publisher\" content=\"https:\/\/www.facebook.com\/ababa.tech\" \/>\n<meta property=\"article:modified_time\" content=\"2022-10-12T15:41:14+00:00\" \/>\n<meta name=\"twitter:card\" content=\"summary_large_image\" \/>\n<meta name=\"twitter:label1\" content=\"Estimated reading time\" \/>\n\t<meta name=\"twitter:data1\" content=\"1 minute\" \/>\n<script type=\"application\/ld+json\" class=\"yoast-schema-graph\">{\"@context\":\"https:\\\/\\\/schema.org\",\"@graph\":[{\"@type\":\"WebPage\",\"@id\":\"https:\\\/\\\/ababa.tech\\\/wp-home\\\/\",\"url\":\"https:\\\/\\\/ababa.tech\\\/wp-home\\\/\",\"name\":\"Blog'as - ababa.tech\",\"isPartOf\":{\"@id\":\"https:\\\/\\\/ababa.tech\\\/#website\"},\"datePublished\":\"2022-09-28T08:50:00+00:00\",\"dateModified\":\"2022-10-12T15:41:14+00:00\",\"breadcrumb\":{\"@id\":\"https:\\\/\\\/ababa.tech\\\/wp-home\\\/#breadcrumb\"},\"inLanguage\":\"en-GB\",\"potentialAction\":[{\"@type\":\"ReadAction\",\"target\":[\"https:\\\/\\\/ababa.tech\\\/wp-home\\\/\"]}]},{\"@type\":\"BreadcrumbList\",\"@id\":\"https:\\\/\\\/ababa.tech\\\/wp-home\\\/#breadcrumb\",\"itemListElement\":[{\"@type\":\"ListItem\",\"position\":1,\"name\":\"Pradinis\",\"item\":\"https:\\\/\\\/ababa.tech\\\/\"},{\"@type\":\"ListItem\",\"position\":2,\"name\":\"Blog&#8217;as\"}]},{\"@type\":\"WebSite\",\"@id\":\"https:\\\/\\\/ababa.tech\\\/#website\",\"url\":\"https:\\\/\\\/ababa.tech\\\/\",\"name\":\"ababa.tech\",\"description\":\"Greitojo kodo kompanija\",\"publisher\":{\"@id\":\"https:\\\/\\\/ababa.tech\\\/#organization\"},\"potentialAction\":[{\"@type\":\"SearchAction\",\"target\":{\"@type\":\"EntryPoint\",\"urlTemplate\":\"https:\\\/\\\/ababa.tech\\\/?s={search_term_string}\"},\"query-input\":{\"@type\":\"PropertyValueSpecification\",\"valueRequired\":true,\"valueName\":\"search_term_string\"}}],\"inLanguage\":\"en-GB\"},{\"@type\":\"Organization\",\"@id\":\"https:\\\/\\\/ababa.tech\\\/#organization\",\"name\":\"ababa.tech\",\"url\":\"https:\\\/\\\/ababa.tech\\\/\",\"logo\":{\"@type\":\"ImageObject\",\"inLanguage\":\"en-GB\",\"@id\":\"https:\\\/\\\/ababa.tech\\\/#\\\/schema\\\/logo\\\/image\\\/\",\"url\":\"https:\\\/\\\/ababa.tech\\\/wp-content\\\/uploads\\\/2022\\\/09\\\/ABABATECH-sviesiam-fonui.png\",\"contentUrl\":\"https:\\\/\\\/ababa.tech\\\/wp-content\\\/uploads\\\/2022\\\/09\\\/ABABATECH-sviesiam-fonui.png\",\"width\":666,\"height\":128,\"caption\":\"ababa.tech\"},\"image\":{\"@id\":\"https:\\\/\\\/ababa.tech\\\/#\\\/schema\\\/logo\\\/image\\\/\"},\"sameAs\":[\"https:\\\/\\\/www.facebook.com\\\/ababa.tech\"]}]}<\/script>\n<!-- \/ Yoast SEO plugin. -->","yoast_head_json":{"title":"Blog'as - ababa.tech","robots":{"index":"index","follow":"follow","max-snippet":"max-snippet:-1","max-image-preview":"max-image-preview:large","max-video-preview":"max-video-preview:-1"},"canonical":"https:\/\/ababa.tech\/en\/wp-home\/","og_locale":"en_GB","og_type":"article","og_title":"Blog'as - ababa.tech","og_url":"https:\/\/ababa.tech\/en\/wp-home\/","og_site_name":"ababa.tech","article_publisher":"https:\/\/www.facebook.com\/ababa.tech","article_modified_time":"2022-10-12T15:41:14+00:00","twitter_card":"summary_large_image","twitter_misc":{"Estimated reading time":"1 minute"},"schema":{"@context":"https:\/\/schema.org","@graph":[{"@type":"WebPage","@id":"https:\/\/ababa.tech\/wp-home\/","url":"https:\/\/ababa.tech\/wp-home\/","name":"Blog'as - ababa.tech","isPartOf":{"@id":"https:\/\/ababa.tech\/#website"},"datePublished":"2022-09-28T08:50:00+00:00","dateModified":"2022-10-12T15:41:14+00:00","breadcrumb":{"@id":"https:\/\/ababa.tech\/wp-home\/#breadcrumb"},"inLanguage":"en-GB","potentialAction":[{"@type":"ReadAction","target":["https:\/\/ababa.tech\/wp-home\/"]}]},{"@type":"BreadcrumbList","@id":"https:\/\/ababa.tech\/wp-home\/#breadcrumb","itemListElement":[{"@type":"ListItem","position":1,"name":"Pradinis","item":"https:\/\/ababa.tech\/"},{"@type":"ListItem","position":2,"name":"Blog&#8217;as"}]},{"@type":"WebSite","@id":"https:\/\/ababa.tech\/#website","url":"https:\/\/ababa.tech\/","name":"ababa.tech","description":"Greitojo kodo kompanija","publisher":{"@id":"https:\/\/ababa.tech\/#organization"},"potentialAction":[{"@type":"SearchAction","target":{"@type":"EntryPoint","urlTemplate":"https:\/\/ababa.tech\/?s={search_term_string}"},"query-input":{"@type":"PropertyValueSpecification","valueRequired":true,"valueName":"search_term_string"}}],"inLanguage":"en-GB"},{"@type":"Organization","@id":"https:\/\/ababa.tech\/#organization","name":"ababa.tech","url":"https:\/\/ababa.tech\/","logo":{"@type":"ImageObject","inLanguage":"en-GB","@id":"https:\/\/ababa.tech\/#\/schema\/logo\/image\/","url":"https:\/\/ababa.tech\/wp-content\/uploads\/2022\/09\/ABABATECH-sviesiam-fonui.png","contentUrl":"https:\/\/ababa.tech\/wp-content\/uploads\/2022\/09\/ABABATECH-sviesiam-fonui.png","width":666,"height":128,"caption":"ababa.tech"},"image":{"@id":"https:\/\/ababa.tech\/#\/schema\/logo\/image\/"},"sameAs":["https:\/\/www.facebook.com\/ababa.tech"]}]}},"_links":{"self":[{"href":"https:\/\/ababa.tech\/en\/wp-json\/wp\/v2\/pages\/11","targetHints":{"allow":["GET"]}}],"collection":[{"href":"https:\/\/ababa.tech\/en\/wp-json\/wp\/v2\/pages"}],"about":[{"href":"https:\/\/ababa.tech\/en\/wp-json\/wp\/v2\/types\/page"}],"author":[{"embeddable":true,"href":"https:\/\/ababa.tech\/en\/wp-json\/wp\/v2\/users\/1"}],"replies":[{"embeddable":true,"href":"https:\/\/ababa.tech\/en\/wp-json\/wp\/v2\/comments?post=11"}],"version-history":[{"count":33,"href":"https:\/\/ababa.tech\/en\/wp-json\/wp\/v2\/pages\/11\/revisions"}],"predecessor-version":[{"id":403,"href":"https:\/\/ababa.tech\/en\/wp-json\/wp\/v2\/pages\/11\/revisions\/403"}],"wp:attachment":[{"href":"https:\/\/ababa.tech\/en\/wp-json\/wp\/v2\/media?parent=11"}],"curies":[{"name":"wp","href":"https:\/\/api.w.org\/{rel}","templated":true}]}}